{"id":47197,"date":"2026-02-24T11:41:18","date_gmt":"2026-02-24T10:41:18","guid":{"rendered":"https:\/\/imprimeideas.es\/?post_type=product&p=47197"},"modified":"2026-02-26T18:08:16","modified_gmt":"2026-02-26T17:08:16","slug":"agenda-florian","status":"publish","type":"product","link":"https:\/\/imprimeideas.es\/en\/product\/agenda-florian\/","title":{"rendered":"Agenda Florian"},"content":{"rendered":"<p>Agenda de tama\u00f1o A5 en Cart\u00f3n Reciclado. Con cubiertas r\u00edgidas y el\u00e1stico de cierre a juego. Incluye caja kraft de presentaci\u00f3n.\u00a0Con distintitivo ECO.Dise\u00f1o p\u00e1gina d\u00eda, zona de anotaciones y marcap\u00e1ginas de tela. En 2 idiomas: castellano e ingl\u00e9s. El Cart\u00f3n Reciclado proviene del reaprovechamiento de excedente de fabricaciones y reciclaje de papel en el final de su vida \u00fatil, convirti\u00e9ndose en un lienzo ecol\u00f3gico y sostenible.<\/p>","protected":false},"excerpt":{"rendered":"<p>P\u00e1gina D\u00eda. Caja Presentaci\u00f3n Incluida<\/p>","protected":false},"featured_media":75272,"comment_status":"open","ping_status":"open","template":"","meta":{"inline_featured_image":false},"product_brand":[],"product_cat":[122,96],"product_tag":[],"class_list":{"0":"post-47197","1":"product","2":"type-product","3":"status-publish","4":"has-post-thumbnail","6":"product_cat-articulos-sostenibles","7":"product_cat-oficina-y-negocios","9":"first","10":"outofstock","11":"taxable","12":"shipping-taxable","13":"purchasable","14":"product-type-variable","15":"has-default-attributes"},"aioseo_notices":[],"_links":{"self":[{"href":"https:\/\/imprimeideas.es\/en\/wp-json\/wp\/v2\/product\/47197","targetHints":{"allow":["GET"]}}],"collection":[{"href":"https:\/\/imprimeideas.es\/en\/wp-json\/wp\/v2\/product"}],"about":[{"href":"https:\/\/imprimeideas.es\/en\/wp-json\/wp\/v2\/types\/product"}],"replies":[{"embeddable":true,"href":"https:\/\/imprimeideas.es\/en\/wp-json\/wp\/v2\/comments?post=47197"}],"version-history":[{"count":1,"href":"https:\/\/imprimeideas.es\/en\/wp-json\/wp\/v2\/product\/47197\/revisions"}],"predecessor-version":[{"id":56021,"href":"https:\/\/imprimeideas.es\/en\/wp-json\/wp\/v2\/product\/47197\/revisions\/56021"}],"wp:featuredmedia":[{"embeddable":true,"href":"https:\/\/imprimeideas.es\/en\/wp-json\/wp\/v2\/media\/75272"}],"wp:attachment":[{"href":"https:\/\/imprimeideas.es\/en\/wp-json\/wp\/v2\/media?parent=47197"}],"wp:term":[{"taxonomy":"product_brand","embeddable":true,"href":"https:\/\/imprimeideas.es\/en\/wp-json\/wp\/v2\/product_brand?post=47197"},{"taxonomy":"product_cat","embeddable":true,"href":"https:\/\/imprimeideas.es\/en\/wp-json\/wp\/v2\/product_cat?post=47197"},{"taxonomy":"product_tag","embeddable":true,"href":"https:\/\/imprimeideas.es\/en\/wp-json\/wp\/v2\/product_tag?post=47197"}],"curies":[{"name":"wp","href":"https:\/\/api.w.org\/{rel}","templated":true}]}}