{"id":47171,"date":"2026-02-24T11:41:14","date_gmt":"2026-02-24T10:41:14","guid":{"rendered":"https:\/\/imprimeideas.es\/?post_type=product&p=47171"},"modified":"2026-02-26T18:23:18","modified_gmt":"2026-02-26T17:23:18","slug":"agenda-canek","status":"publish","type":"product","link":"https:\/\/imprimeideas.es\/en\/product\/agenda-canek\/","title":{"rendered":"Agenda Canek"},"content":{"rendered":"<p>Agenda de tama\u00f1o A5 acabada en suave PU. Con cubiertas r\u00edgidas y acolchadas. Incluye caja kraft de presentaci\u00f3n.Dise\u00f1o p\u00e1gina d\u00eda y marcap\u00e1ginas de tela. En 2 idiomas: castellano e ingl\u00e9s.<\/p>","protected":false},"excerpt":{"rendered":"<p>P\u00e1gina D\u00eda. Caja Presentaci\u00f3n Incluida<\/p>","protected":false},"featured_media":61895,"comment_status":"open","ping_status":"open","template":"","meta":{"inline_featured_image":false},"product_brand":[],"product_cat":[96],"product_tag":[],"class_list":{"0":"post-47171","1":"product","2":"type-product","3":"status-publish","4":"has-post-thumbnail","6":"product_cat-oficina-y-negocios","8":"first","9":"outofstock","10":"taxable","11":"shipping-taxable","12":"purchasable","13":"product-type-variable","14":"has-default-attributes"},"aioseo_notices":[],"_links":{"self":[{"href":"https:\/\/imprimeideas.es\/en\/wp-json\/wp\/v2\/product\/47171","targetHints":{"allow":["GET"]}}],"collection":[{"href":"https:\/\/imprimeideas.es\/en\/wp-json\/wp\/v2\/product"}],"about":[{"href":"https:\/\/imprimeideas.es\/en\/wp-json\/wp\/v2\/types\/product"}],"replies":[{"embeddable":true,"href":"https:\/\/imprimeideas.es\/en\/wp-json\/wp\/v2\/comments?post=47171"}],"version-history":[{"count":1,"href":"https:\/\/imprimeideas.es\/en\/wp-json\/wp\/v2\/product\/47171\/revisions"}],"predecessor-version":[{"id":56017,"href":"https:\/\/imprimeideas.es\/en\/wp-json\/wp\/v2\/product\/47171\/revisions\/56017"}],"wp:featuredmedia":[{"embeddable":true,"href":"https:\/\/imprimeideas.es\/en\/wp-json\/wp\/v2\/media\/61895"}],"wp:attachment":[{"href":"https:\/\/imprimeideas.es\/en\/wp-json\/wp\/v2\/media?parent=47171"}],"wp:term":[{"taxonomy":"product_brand","embeddable":true,"href":"https:\/\/imprimeideas.es\/en\/wp-json\/wp\/v2\/product_brand?post=47171"},{"taxonomy":"product_cat","embeddable":true,"href":"https:\/\/imprimeideas.es\/en\/wp-json\/wp\/v2\/product_cat?post=47171"},{"taxonomy":"product_tag","embeddable":true,"href":"https:\/\/imprimeideas.es\/en\/wp-json\/wp\/v2\/product_tag?post=47171"}],"curies":[{"name":"wp","href":"https:\/\/api.w.org\/{rel}","templated":true}]}}