{"id":47169,"date":"2026-02-24T11:41:14","date_gmt":"2026-02-24T10:41:14","guid":{"rendered":"https:\/\/imprimeideas.es\/?post_type=product&p=47169"},"modified":"2026-02-26T18:13:41","modified_gmt":"2026-02-26T17:13:41","slug":"calendario-sobremesa-semilla-krily","status":"publish","type":"product","link":"https:\/\/imprimeideas.es\/en\/product\/calendario-sobremesa-semilla-krily\/","title":{"rendered":"Calendario Sobremesa Semilla Krily"},"content":{"rendered":"<p>Calendario plantable fabricado en papel de semilla. Incluye 13 hojas con semillas de petunia de colores surtidos, convirti\u00e9ndolo en papel plantable despu\u00e9s de su vida \u00fatil. Dise\u00f1o de mes en curso, con festividades nacionales marcadas en rojo y auton\u00f3micas en verde. Presentado en caja soporte de cart\u00f3n.<\/p>","protected":false},"excerpt":{"rendered":"<p>Semillas de Petunia Incluidas. Flores Colores Surtidos<\/p>","protected":false},"featured_media":70898,"comment_status":"open","ping_status":"open","template":"","meta":{"inline_featured_image":false},"product_brand":[],"product_cat":[122,96],"product_tag":[],"class_list":{"0":"post-47169","1":"product","2":"type-product","3":"status-publish","4":"has-post-thumbnail","6":"product_cat-articulos-sostenibles","7":"product_cat-oficina-y-negocios","9":"first","10":"instock","11":"taxable","12":"shipping-taxable","13":"purchasable","14":"product-type-variable","15":"has-default-attributes"},"aioseo_notices":[],"_links":{"self":[{"href":"https:\/\/imprimeideas.es\/en\/wp-json\/wp\/v2\/product\/47169","targetHints":{"allow":["GET"]}}],"collection":[{"href":"https:\/\/imprimeideas.es\/en\/wp-json\/wp\/v2\/product"}],"about":[{"href":"https:\/\/imprimeideas.es\/en\/wp-json\/wp\/v2\/types\/product"}],"replies":[{"embeddable":true,"href":"https:\/\/imprimeideas.es\/en\/wp-json\/wp\/v2\/comments?post=47169"}],"version-history":[{"count":1,"href":"https:\/\/imprimeideas.es\/en\/wp-json\/wp\/v2\/product\/47169\/revisions"}],"predecessor-version":[{"id":56016,"href":"https:\/\/imprimeideas.es\/en\/wp-json\/wp\/v2\/product\/47169\/revisions\/56016"}],"wp:featuredmedia":[{"embeddable":true,"href":"https:\/\/imprimeideas.es\/en\/wp-json\/wp\/v2\/media\/70898"}],"wp:attachment":[{"href":"https:\/\/imprimeideas.es\/en\/wp-json\/wp\/v2\/media?parent=47169"}],"wp:term":[{"taxonomy":"product_brand","embeddable":true,"href":"https:\/\/imprimeideas.es\/en\/wp-json\/wp\/v2\/product_brand?post=47169"},{"taxonomy":"product_cat","embeddable":true,"href":"https:\/\/imprimeideas.es\/en\/wp-json\/wp\/v2\/product_cat?post=47169"},{"taxonomy":"product_tag","embeddable":true,"href":"https:\/\/imprimeideas.es\/en\/wp-json\/wp\/v2\/product_tag?post=47169"}],"curies":[{"name":"wp","href":"https:\/\/api.w.org\/{rel}","templated":true}]}}