{"id":47158,"date":"2026-02-24T11:41:12","date_gmt":"2026-02-24T10:41:12","guid":{"rendered":"https:\/\/imprimeideas.es\/?post_type=product&p=47158"},"modified":"2026-02-26T18:19:13","modified_gmt":"2026-02-26T17:19:13","slug":"guante-tactil-brolyn","status":"publish","type":"product","link":"https:\/\/imprimeideas.es\/en\/product\/guante-tactil-brolyn\/","title":{"rendered":"Guante T\u00e1ctil Brolyn"},"content":{"rendered":"<p>Guantes fabricados en c\u00e1lido y suave tejido poli\u00e9ster RPET. Con funci\u00f3n t\u00e1ctil en dedos coraz\u00f3n, \u00edndice y pulgar a color. Talla \u00fanica adulto. Con distintitivo RPET en etiqueta exterior. El material RPET se elabora a partir de pl\u00e1stico reciclado, para as\u00ed fomentar la reutilizaci\u00f3n de residuos pl\u00e1sticos y ayudar a la sostenibilidad del planeta.<\/p>","protected":false},"excerpt":{"rendered":"<p>Talla \u00danica. Adulto<\/p>","protected":false},"featured_media":81136,"comment_status":"open","ping_status":"open","template":"","meta":{"inline_featured_image":false},"product_brand":[],"product_cat":[122,118],"product_tag":[],"class_list":{"0":"post-47158","1":"product","2":"type-product","3":"status-publish","4":"has-post-thumbnail","6":"product_cat-articulos-sostenibles","7":"product_cat-lluvia-y-frio","9":"first","10":"instock","11":"taxable","12":"shipping-taxable","13":"purchasable","14":"product-type-variable","15":"has-default-attributes"},"aioseo_notices":[],"_links":{"self":[{"href":"https:\/\/imprimeideas.es\/en\/wp-json\/wp\/v2\/product\/47158","targetHints":{"allow":["GET"]}}],"collection":[{"href":"https:\/\/imprimeideas.es\/en\/wp-json\/wp\/v2\/product"}],"about":[{"href":"https:\/\/imprimeideas.es\/en\/wp-json\/wp\/v2\/types\/product"}],"replies":[{"embeddable":true,"href":"https:\/\/imprimeideas.es\/en\/wp-json\/wp\/v2\/comments?post=47158"}],"version-history":[{"count":1,"href":"https:\/\/imprimeideas.es\/en\/wp-json\/wp\/v2\/product\/47158\/revisions"}],"predecessor-version":[{"id":56014,"href":"https:\/\/imprimeideas.es\/en\/wp-json\/wp\/v2\/product\/47158\/revisions\/56014"}],"wp:featuredmedia":[{"embeddable":true,"href":"https:\/\/imprimeideas.es\/en\/wp-json\/wp\/v2\/media\/81136"}],"wp:attachment":[{"href":"https:\/\/imprimeideas.es\/en\/wp-json\/wp\/v2\/media?parent=47158"}],"wp:term":[{"taxonomy":"product_brand","embeddable":true,"href":"https:\/\/imprimeideas.es\/en\/wp-json\/wp\/v2\/product_brand?post=47158"},{"taxonomy":"product_cat","embeddable":true,"href":"https:\/\/imprimeideas.es\/en\/wp-json\/wp\/v2\/product_cat?post=47158"},{"taxonomy":"product_tag","embeddable":true,"href":"https:\/\/imprimeideas.es\/en\/wp-json\/wp\/v2\/product_tag?post=47158"}],"curies":[{"name":"wp","href":"https:\/\/api.w.org\/{rel}","templated":true}]}}