{"id":47154,"date":"2026-02-24T11:41:12","date_gmt":"2026-02-24T10:41:12","guid":{"rendered":"https:\/\/imprimeideas.es\/?post_type=product&p=47154"},"modified":"2026-02-26T18:32:55","modified_gmt":"2026-02-26T17:32:55","slug":"orejera-gorman","status":"publish","type":"product","link":"https:\/\/imprimeideas.es\/en\/product\/orejera-gorman\/","title":{"rendered":"Orejera Gorman"},"content":{"rendered":"<p>C\u00e1lida orejera fabricada en suave poli\u00e9ster. Con interior en agradable poli\u00e9ster color negro. Estructura adaptable para ajustar. Estructura adaptable para un ajuste perfecto, proporcionando comodidad y calidez en los d\u00edas m\u00e1s fr\u00edos.<\/p>","protected":false},"excerpt":{"rendered":"<p>Ajustable<\/p>","protected":false},"featured_media":79786,"comment_status":"open","ping_status":"open","template":"","meta":{"inline_featured_image":false},"product_brand":[],"product_cat":[118],"product_tag":[],"class_list":{"0":"post-47154","1":"product","2":"type-product","3":"status-publish","4":"has-post-thumbnail","6":"product_cat-lluvia-y-frio","8":"first","9":"instock","10":"taxable","11":"shipping-taxable","12":"purchasable","13":"product-type-variable","14":"has-default-attributes"},"aioseo_notices":[],"_links":{"self":[{"href":"https:\/\/imprimeideas.es\/en\/wp-json\/wp\/v2\/product\/47154","targetHints":{"allow":["GET"]}}],"collection":[{"href":"https:\/\/imprimeideas.es\/en\/wp-json\/wp\/v2\/product"}],"about":[{"href":"https:\/\/imprimeideas.es\/en\/wp-json\/wp\/v2\/types\/product"}],"replies":[{"embeddable":true,"href":"https:\/\/imprimeideas.es\/en\/wp-json\/wp\/v2\/comments?post=47154"}],"version-history":[{"count":1,"href":"https:\/\/imprimeideas.es\/en\/wp-json\/wp\/v2\/product\/47154\/revisions"}],"predecessor-version":[{"id":56013,"href":"https:\/\/imprimeideas.es\/en\/wp-json\/wp\/v2\/product\/47154\/revisions\/56013"}],"wp:featuredmedia":[{"embeddable":true,"href":"https:\/\/imprimeideas.es\/en\/wp-json\/wp\/v2\/media\/79786"}],"wp:attachment":[{"href":"https:\/\/imprimeideas.es\/en\/wp-json\/wp\/v2\/media?parent=47154"}],"wp:term":[{"taxonomy":"product_brand","embeddable":true,"href":"https:\/\/imprimeideas.es\/en\/wp-json\/wp\/v2\/product_brand?post=47154"},{"taxonomy":"product_cat","embeddable":true,"href":"https:\/\/imprimeideas.es\/en\/wp-json\/wp\/v2\/product_cat?post=47154"},{"taxonomy":"product_tag","embeddable":true,"href":"https:\/\/imprimeideas.es\/en\/wp-json\/wp\/v2\/product_tag?post=47154"}],"curies":[{"name":"wp","href":"https:\/\/api.w.org\/{rel}","templated":true}]}}