{"id":47142,"date":"2026-02-24T11:41:10","date_gmt":"2026-02-24T10:41:10","guid":{"rendered":"https:\/\/imprimeideas.es\/?post_type=product&p=47142"},"modified":"2026-02-26T18:03:04","modified_gmt":"2026-02-26T17:03:04","slug":"calendario-perpetuo-zegler","status":"publish","type":"product","link":"https:\/\/imprimeideas.es\/en\/product\/calendario-perpetuo-zegler\/","title":{"rendered":"Calendario Perpetuo Zegler"},"content":{"rendered":"<p>Calendario perpetuo fabricado en ca\u00f1a de trigo. Con soporte plegable.La ca\u00f1a de trigo fomenta la utilizaci\u00f3n de materias primas naturales, reduciendo as\u00ed las emisiones contaminantes.<\/p>","protected":false},"excerpt":{"rendered":"<p>Calendario perpetuo fabricado en ca\u00f1a de trigo. Con soporte plegable.La ca\u00f1a de trigo fomenta la utilizaci\u00f3n de materias primas naturales,<\/p>","protected":false},"featured_media":63053,"comment_status":"open","ping_status":"open","template":"","meta":{"inline_featured_image":false},"product_brand":[],"product_cat":[122,96],"product_tag":[],"class_list":{"0":"post-47142","1":"product","2":"type-product","3":"status-publish","4":"has-post-thumbnail","6":"product_cat-articulos-sostenibles","7":"product_cat-oficina-y-negocios","9":"first","10":"instock","11":"taxable","12":"shipping-taxable","13":"purchasable","14":"product-type-variable","15":"has-default-attributes"},"aioseo_notices":[],"_links":{"self":[{"href":"https:\/\/imprimeideas.es\/en\/wp-json\/wp\/v2\/product\/47142","targetHints":{"allow":["GET"]}}],"collection":[{"href":"https:\/\/imprimeideas.es\/en\/wp-json\/wp\/v2\/product"}],"about":[{"href":"https:\/\/imprimeideas.es\/en\/wp-json\/wp\/v2\/types\/product"}],"replies":[{"embeddable":true,"href":"https:\/\/imprimeideas.es\/en\/wp-json\/wp\/v2\/comments?post=47142"}],"version-history":[{"count":1,"href":"https:\/\/imprimeideas.es\/en\/wp-json\/wp\/v2\/product\/47142\/revisions"}],"predecessor-version":[{"id":56009,"href":"https:\/\/imprimeideas.es\/en\/wp-json\/wp\/v2\/product\/47142\/revisions\/56009"}],"wp:featuredmedia":[{"embeddable":true,"href":"https:\/\/imprimeideas.es\/en\/wp-json\/wp\/v2\/media\/63053"}],"wp:attachment":[{"href":"https:\/\/imprimeideas.es\/en\/wp-json\/wp\/v2\/media?parent=47142"}],"wp:term":[{"taxonomy":"product_brand","embeddable":true,"href":"https:\/\/imprimeideas.es\/en\/wp-json\/wp\/v2\/product_brand?post=47142"},{"taxonomy":"product_cat","embeddable":true,"href":"https:\/\/imprimeideas.es\/en\/wp-json\/wp\/v2\/product_cat?post=47142"},{"taxonomy":"product_tag","embeddable":true,"href":"https:\/\/imprimeideas.es\/en\/wp-json\/wp\/v2\/product_tag?post=47142"}],"curies":[{"name":"wp","href":"https:\/\/api.w.org\/{rel}","templated":true}]}}