{"id":47140,"date":"2026-02-24T11:41:10","date_gmt":"2026-02-24T10:41:10","guid":{"rendered":"https:\/\/imprimeideas.es\/?post_type=product&p=47140"},"modified":"2026-02-26T18:19:15","modified_gmt":"2026-02-26T17:19:15","slug":"manta-yalanny","status":"publish","type":"product","link":"https:\/\/imprimeideas.es\/en\/product\/manta-yalanny\/","title":{"rendered":"Manta Yalanny"},"content":{"rendered":"<p>Manta de 130&#215;160 cm fabricada en suave poli\u00e9ster RPET. Original dise\u00f1o de navidad de color rojo con motivos navide\u00f1os en blanco. En suave y c\u00e1lido material polar fleece de 200g\/m2 con tratamiento anti-pilling. Distintivo RPET en etiqueta. Presentada en cart\u00f3n de color blanco, con lazo a juego. El material RPET se elabora a partir de pl\u00e1stico reciclado, para as\u00ed fomentar la reutilizaci\u00f3n de residuos pl\u00e1sticos y ayudar a la sostenibilidad del planeta.<\/p>","protected":false},"excerpt":{"rendered":"<p>Anti-Pilling<\/p>","protected":false},"featured_media":86220,"comment_status":"open","ping_status":"open","template":"","meta":{"inline_featured_image":false},"product_brand":[],"product_cat":[122,127],"product_tag":[],"class_list":{"0":"post-47140","1":"product","2":"type-product","3":"status-publish","4":"has-post-thumbnail","6":"product_cat-articulos-sostenibles","7":"product_cat-navidad","9":"first","10":"outofstock","11":"taxable","12":"shipping-taxable","13":"purchasable","14":"product-type-variable","15":"has-default-attributes"},"aioseo_notices":[],"_links":{"self":[{"href":"https:\/\/imprimeideas.es\/en\/wp-json\/wp\/v2\/product\/47140","targetHints":{"allow":["GET"]}}],"collection":[{"href":"https:\/\/imprimeideas.es\/en\/wp-json\/wp\/v2\/product"}],"about":[{"href":"https:\/\/imprimeideas.es\/en\/wp-json\/wp\/v2\/types\/product"}],"replies":[{"embeddable":true,"href":"https:\/\/imprimeideas.es\/en\/wp-json\/wp\/v2\/comments?post=47140"}],"version-history":[{"count":1,"href":"https:\/\/imprimeideas.es\/en\/wp-json\/wp\/v2\/product\/47140\/revisions"}],"predecessor-version":[{"id":56008,"href":"https:\/\/imprimeideas.es\/en\/wp-json\/wp\/v2\/product\/47140\/revisions\/56008"}],"wp:featuredmedia":[{"embeddable":true,"href":"https:\/\/imprimeideas.es\/en\/wp-json\/wp\/v2\/media\/86220"}],"wp:attachment":[{"href":"https:\/\/imprimeideas.es\/en\/wp-json\/wp\/v2\/media?parent=47140"}],"wp:term":[{"taxonomy":"product_brand","embeddable":true,"href":"https:\/\/imprimeideas.es\/en\/wp-json\/wp\/v2\/product_brand?post=47140"},{"taxonomy":"product_cat","embeddable":true,"href":"https:\/\/imprimeideas.es\/en\/wp-json\/wp\/v2\/product_cat?post=47140"},{"taxonomy":"product_tag","embeddable":true,"href":"https:\/\/imprimeideas.es\/en\/wp-json\/wp\/v2\/product_tag?post=47140"}],"curies":[{"name":"wp","href":"https:\/\/api.w.org\/{rel}","templated":true}]}}