{"id":47135,"date":"2026-02-24T11:41:09","date_gmt":"2026-02-24T10:41:09","guid":{"rendered":"https:\/\/imprimeideas.es\/?post_type=product&p=47135"},"modified":"2026-02-26T18:42:30","modified_gmt":"2026-02-26T17:42:30","slug":"calcetin-scrubit","status":"publish","type":"product","link":"https:\/\/imprimeideas.es\/en\/product\/calcetin-scrubit\/","title":{"rendered":"Calcet\u00edn Scrubit"},"content":{"rendered":"<p>Suaves y c\u00e1lidos calcetines con motivos navide\u00f1os. Presentados en original bola de navidad transparente con lazo rojo. Fabricados en suave poli\u00e9ster y disponibles en tallas S-M y L-XL. Un original regalo para lucir con estilo en navidad.<\/p>","protected":false},"excerpt":{"rendered":"<p>Suaves y c\u00e1lidos calcetines con motivos navide\u00f1os. Presentados en original bola de navidad transparente con lazo rojo. Fabricados en suave<\/p>","protected":false},"featured_media":76248,"comment_status":"open","ping_status":"open","template":"","meta":{"inline_featured_image":false},"product_brand":[],"product_cat":[127],"product_tag":[],"class_list":{"0":"post-47135","1":"product","2":"type-product","3":"status-publish","4":"has-post-thumbnail","6":"product_cat-navidad","8":"first","9":"instock","10":"taxable","11":"shipping-taxable","12":"purchasable","13":"product-type-variable","14":"has-default-attributes"},"aioseo_notices":[],"_links":{"self":[{"href":"https:\/\/imprimeideas.es\/en\/wp-json\/wp\/v2\/product\/47135","targetHints":{"allow":["GET"]}}],"collection":[{"href":"https:\/\/imprimeideas.es\/en\/wp-json\/wp\/v2\/product"}],"about":[{"href":"https:\/\/imprimeideas.es\/en\/wp-json\/wp\/v2\/types\/product"}],"replies":[{"embeddable":true,"href":"https:\/\/imprimeideas.es\/en\/wp-json\/wp\/v2\/comments?post=47135"}],"version-history":[{"count":1,"href":"https:\/\/imprimeideas.es\/en\/wp-json\/wp\/v2\/product\/47135\/revisions"}],"predecessor-version":[{"id":56006,"href":"https:\/\/imprimeideas.es\/en\/wp-json\/wp\/v2\/product\/47135\/revisions\/56006"}],"wp:featuredmedia":[{"embeddable":true,"href":"https:\/\/imprimeideas.es\/en\/wp-json\/wp\/v2\/media\/76248"}],"wp:attachment":[{"href":"https:\/\/imprimeideas.es\/en\/wp-json\/wp\/v2\/media?parent=47135"}],"wp:term":[{"taxonomy":"product_brand","embeddable":true,"href":"https:\/\/imprimeideas.es\/en\/wp-json\/wp\/v2\/product_brand?post=47135"},{"taxonomy":"product_cat","embeddable":true,"href":"https:\/\/imprimeideas.es\/en\/wp-json\/wp\/v2\/product_cat?post=47135"},{"taxonomy":"product_tag","embeddable":true,"href":"https:\/\/imprimeideas.es\/en\/wp-json\/wp\/v2\/product_tag?post=47135"}],"curies":[{"name":"wp","href":"https:\/\/api.w.org\/{rel}","templated":true}]}}