{"id":47133,"date":"2026-02-24T11:41:09","date_gmt":"2026-02-24T10:41:09","guid":{"rendered":"https:\/\/imprimeideas.es\/?post_type=product&p=47133"},"modified":"2026-02-26T18:37:26","modified_gmt":"2026-02-26T17:37:26","slug":"guante-tactil-kainex","status":"publish","type":"product","link":"https:\/\/imprimeideas.es\/en\/product\/guante-tactil-kainex\/","title":{"rendered":"Guante T\u00e1ctil Kainex"},"content":{"rendered":"<p>C\u00e1lidos guantes con motivos navide\u00f1os. Funci\u00f3n t\u00e1ctil en dedos coraz\u00f3n, \u00edndice y pulgar, fabricados en suave acr\u00edlico. Con etiqueta especial para el marcaje. Un original regalo para lucir con estilo en navidad.<\/p>","protected":false},"excerpt":{"rendered":"<p>Talla \u00danica. Adulto<\/p>","protected":false},"featured_media":48118,"comment_status":"open","ping_status":"open","template":"","meta":{"inline_featured_image":false},"product_brand":[],"product_cat":[127],"product_tag":[],"class_list":{"0":"post-47133","1":"product","2":"type-product","3":"status-publish","4":"has-post-thumbnail","6":"product_cat-navidad","8":"first","9":"instock","10":"taxable","11":"shipping-taxable","12":"purchasable","13":"product-type-variable","14":"has-default-attributes"},"aioseo_notices":[],"_links":{"self":[{"href":"https:\/\/imprimeideas.es\/en\/wp-json\/wp\/v2\/product\/47133","targetHints":{"allow":["GET"]}}],"collection":[{"href":"https:\/\/imprimeideas.es\/en\/wp-json\/wp\/v2\/product"}],"about":[{"href":"https:\/\/imprimeideas.es\/en\/wp-json\/wp\/v2\/types\/product"}],"replies":[{"embeddable":true,"href":"https:\/\/imprimeideas.es\/en\/wp-json\/wp\/v2\/comments?post=47133"}],"version-history":[{"count":1,"href":"https:\/\/imprimeideas.es\/en\/wp-json\/wp\/v2\/product\/47133\/revisions"}],"predecessor-version":[{"id":56005,"href":"https:\/\/imprimeideas.es\/en\/wp-json\/wp\/v2\/product\/47133\/revisions\/56005"}],"wp:featuredmedia":[{"embeddable":true,"href":"https:\/\/imprimeideas.es\/en\/wp-json\/wp\/v2\/media\/48118"}],"wp:attachment":[{"href":"https:\/\/imprimeideas.es\/en\/wp-json\/wp\/v2\/media?parent=47133"}],"wp:term":[{"taxonomy":"product_brand","embeddable":true,"href":"https:\/\/imprimeideas.es\/en\/wp-json\/wp\/v2\/product_brand?post=47133"},{"taxonomy":"product_cat","embeddable":true,"href":"https:\/\/imprimeideas.es\/en\/wp-json\/wp\/v2\/product_cat?post=47133"},{"taxonomy":"product_tag","embeddable":true,"href":"https:\/\/imprimeideas.es\/en\/wp-json\/wp\/v2\/product_tag?post=47133"}],"curies":[{"name":"wp","href":"https:\/\/api.w.org\/{rel}","templated":true}]}}