{"id":47118,"date":"2026-02-24T11:41:08","date_gmt":"2026-02-24T10:41:08","guid":{"rendered":"https:\/\/imprimeideas.es\/?post_type=product&p=47118"},"modified":"2026-02-26T18:33:03","modified_gmt":"2026-02-26T17:33:03","slug":"marcapaginas-semillas-baird","status":"publish","type":"product","link":"https:\/\/imprimeideas.es\/en\/product\/marcapaginas-semillas-baird\/","title":{"rendered":"Marcap\u00e1ginas Semillas Baird"},"content":{"rendered":"<p>Marcap\u00e1ginas de dise\u00f1o navide\u00f1o fabricado en papel de semillas. El papel incluye semillas de petunia, convirti\u00e9ndolo en papel plantable al final de su vida \u00fatil. Incluye instrucciones de plantado en la cubierta trasera y amplia superficie de marcaje.<\/p>","protected":false},"excerpt":{"rendered":"<p>Semillas de Petunia Incluidas. Flores Colores Surtidos<\/p>","protected":false},"featured_media":80631,"comment_status":"open","ping_status":"open","template":"","meta":{"inline_featured_image":false},"product_brand":[],"product_cat":[122,96,106],"product_tag":[],"class_list":{"0":"post-47118","1":"product","2":"type-product","3":"status-publish","4":"has-post-thumbnail","6":"product_cat-articulos-sostenibles","7":"product_cat-oficina-y-negocios","8":"product_cat-regalos-y-premiums","10":"first","11":"outofstock","12":"taxable","13":"shipping-taxable","14":"purchasable","15":"product-type-variable","16":"has-default-attributes"},"aioseo_notices":[],"_links":{"self":[{"href":"https:\/\/imprimeideas.es\/en\/wp-json\/wp\/v2\/product\/47118","targetHints":{"allow":["GET"]}}],"collection":[{"href":"https:\/\/imprimeideas.es\/en\/wp-json\/wp\/v2\/product"}],"about":[{"href":"https:\/\/imprimeideas.es\/en\/wp-json\/wp\/v2\/types\/product"}],"replies":[{"embeddable":true,"href":"https:\/\/imprimeideas.es\/en\/wp-json\/wp\/v2\/comments?post=47118"}],"version-history":[{"count":1,"href":"https:\/\/imprimeideas.es\/en\/wp-json\/wp\/v2\/product\/47118\/revisions"}],"predecessor-version":[{"id":56000,"href":"https:\/\/imprimeideas.es\/en\/wp-json\/wp\/v2\/product\/47118\/revisions\/56000"}],"wp:featuredmedia":[{"embeddable":true,"href":"https:\/\/imprimeideas.es\/en\/wp-json\/wp\/v2\/media\/80631"}],"wp:attachment":[{"href":"https:\/\/imprimeideas.es\/en\/wp-json\/wp\/v2\/media?parent=47118"}],"wp:term":[{"taxonomy":"product_brand","embeddable":true,"href":"https:\/\/imprimeideas.es\/en\/wp-json\/wp\/v2\/product_brand?post=47118"},{"taxonomy":"product_cat","embeddable":true,"href":"https:\/\/imprimeideas.es\/en\/wp-json\/wp\/v2\/product_cat?post=47118"},{"taxonomy":"product_tag","embeddable":true,"href":"https:\/\/imprimeideas.es\/en\/wp-json\/wp\/v2\/product_tag?post=47118"}],"curies":[{"name":"wp","href":"https:\/\/api.w.org\/{rel}","templated":true}]}}