{"id":47116,"date":"2026-02-24T11:41:07","date_gmt":"2026-02-24T10:41:07","guid":{"rendered":"https:\/\/imprimeideas.es\/?post_type=product&p=47116"},"modified":"2026-02-26T18:42:31","modified_gmt":"2026-02-26T17:42:31","slug":"postal-adorno-astrox","status":"publish","type":"product","link":"https:\/\/imprimeideas.es\/en\/product\/postal-adorno-astrox\/","title":{"rendered":"Postal Adorno Astrox"},"content":{"rendered":"<p>Sostenible y original set de postal navide\u00f1a con adorno incluido en forma de bola de navidad y c\u00e1psula interior con semillas de pino, un regalo respetuoso con el medio ambiente a la vez que sorprendente. Contenido:Postal fabricada en papel de acabado Kraft. Bola de navidad de madera natural con troquelado en el interior. C\u00e1psula de semillas de pino integrada en el interior.Elaborado con elementos vegetales para as\u00ed fomentar la utilizaci\u00f3n de materias primas naturales y reducir las emisiones contaminantes.<\/p>","protected":false},"excerpt":{"rendered":"<p>Semillas de Pino Incluidas<\/p>","protected":false},"featured_media":63443,"comment_status":"open","ping_status":"open","template":"","meta":{"inline_featured_image":false},"product_brand":[],"product_cat":[122,127],"product_tag":[],"class_list":{"0":"post-47116","1":"product","2":"type-product","3":"status-publish","4":"has-post-thumbnail","6":"product_cat-articulos-sostenibles","7":"product_cat-navidad","9":"first","10":"instock","11":"taxable","12":"shipping-taxable","13":"purchasable","14":"product-type-variable","15":"has-default-attributes"},"aioseo_notices":[],"_links":{"self":[{"href":"https:\/\/imprimeideas.es\/en\/wp-json\/wp\/v2\/product\/47116","targetHints":{"allow":["GET"]}}],"collection":[{"href":"https:\/\/imprimeideas.es\/en\/wp-json\/wp\/v2\/product"}],"about":[{"href":"https:\/\/imprimeideas.es\/en\/wp-json\/wp\/v2\/types\/product"}],"replies":[{"embeddable":true,"href":"https:\/\/imprimeideas.es\/en\/wp-json\/wp\/v2\/comments?post=47116"}],"version-history":[{"count":1,"href":"https:\/\/imprimeideas.es\/en\/wp-json\/wp\/v2\/product\/47116\/revisions"}],"predecessor-version":[{"id":55999,"href":"https:\/\/imprimeideas.es\/en\/wp-json\/wp\/v2\/product\/47116\/revisions\/55999"}],"wp:featuredmedia":[{"embeddable":true,"href":"https:\/\/imprimeideas.es\/en\/wp-json\/wp\/v2\/media\/63443"}],"wp:attachment":[{"href":"https:\/\/imprimeideas.es\/en\/wp-json\/wp\/v2\/media?parent=47116"}],"wp:term":[{"taxonomy":"product_brand","embeddable":true,"href":"https:\/\/imprimeideas.es\/en\/wp-json\/wp\/v2\/product_brand?post=47116"},{"taxonomy":"product_cat","embeddable":true,"href":"https:\/\/imprimeideas.es\/en\/wp-json\/wp\/v2\/product_cat?post=47116"},{"taxonomy":"product_tag","embeddable":true,"href":"https:\/\/imprimeideas.es\/en\/wp-json\/wp\/v2\/product_tag?post=47116"}],"curies":[{"name":"wp","href":"https:\/\/api.w.org\/{rel}","templated":true}]}}