{"id":47109,"date":"2026-02-24T11:41:06","date_gmt":"2026-02-24T10:41:06","guid":{"rendered":"https:\/\/imprimeideas.es\/?post_type=product&p=47109"},"modified":"2026-02-26T18:32:50","modified_gmt":"2026-02-26T17:32:50","slug":"pandereta-andex","status":"publish","type":"product","link":"https:\/\/imprimeideas.es\/en\/product\/pandereta-andex\/","title":{"rendered":"Pandereta Andex"},"content":{"rendered":"<p>Pandereta de madera. De forma circular con pr\u00e1ctica asa para un f\u00e1cil agarre y 3 platillos dobles met\u00e1licos. Con amplia superficie de impresi\u00f3n. Elaborado con elementos vegetales para as\u00ed fomentar la utilizaci\u00f3n de materias primas naturales y reducir las emisiones contaminantes.<\/p>","protected":false},"excerpt":{"rendered":"<p>Pandereta de madera. De forma circular con pr\u00e1ctica asa para un f\u00e1cil agarre y 3 platillos dobles met\u00e1licos. Con amplia<\/p>","protected":false},"featured_media":75444,"comment_status":"open","ping_status":"open","template":"","meta":{"inline_featured_image":false},"product_brand":[],"product_cat":[122,108,127],"product_tag":[],"class_list":{"0":"post-47109","1":"product","2":"type-product","3":"status-publish","4":"has-post-thumbnail","6":"product_cat-articulos-sostenibles","7":"product_cat-infantil","8":"product_cat-navidad","10":"first","11":"instock","12":"taxable","13":"shipping-taxable","14":"purchasable","15":"product-type-variable","16":"has-default-attributes"},"aioseo_notices":[],"_links":{"self":[{"href":"https:\/\/imprimeideas.es\/en\/wp-json\/wp\/v2\/product\/47109","targetHints":{"allow":["GET"]}}],"collection":[{"href":"https:\/\/imprimeideas.es\/en\/wp-json\/wp\/v2\/product"}],"about":[{"href":"https:\/\/imprimeideas.es\/en\/wp-json\/wp\/v2\/types\/product"}],"replies":[{"embeddable":true,"href":"https:\/\/imprimeideas.es\/en\/wp-json\/wp\/v2\/comments?post=47109"}],"version-history":[{"count":1,"href":"https:\/\/imprimeideas.es\/en\/wp-json\/wp\/v2\/product\/47109\/revisions"}],"predecessor-version":[{"id":55996,"href":"https:\/\/imprimeideas.es\/en\/wp-json\/wp\/v2\/product\/47109\/revisions\/55996"}],"wp:featuredmedia":[{"embeddable":true,"href":"https:\/\/imprimeideas.es\/en\/wp-json\/wp\/v2\/media\/75444"}],"wp:attachment":[{"href":"https:\/\/imprimeideas.es\/en\/wp-json\/wp\/v2\/media?parent=47109"}],"wp:term":[{"taxonomy":"product_brand","embeddable":true,"href":"https:\/\/imprimeideas.es\/en\/wp-json\/wp\/v2\/product_brand?post=47109"},{"taxonomy":"product_cat","embeddable":true,"href":"https:\/\/imprimeideas.es\/en\/wp-json\/wp\/v2\/product_cat?post=47109"},{"taxonomy":"product_tag","embeddable":true,"href":"https:\/\/imprimeideas.es\/en\/wp-json\/wp\/v2\/product_tag?post=47109"}],"curies":[{"name":"wp","href":"https:\/\/api.w.org\/{rel}","templated":true}]}}