{"id":47084,"date":"2026-02-24T11:41:03","date_gmt":"2026-02-24T10:41:03","guid":{"rendered":"https:\/\/imprimeideas.es\/?post_type=product&p=47084"},"modified":"2026-02-26T18:28:07","modified_gmt":"2026-02-26T17:28:07","slug":"power-bank-serdinam","status":"publish","type":"product","link":"https:\/\/imprimeideas.es\/en\/product\/power-bank-serdinam\/","title":{"rendered":"Power Bank Serdinam"},"content":{"rendered":"<p>Bater\u00eda auxiliar externa fabricada en aluminio reciclado, con capacidad de carga de 2600 mAh. F\u00e1cil de transportar gracias a su reducido tama\u00f1o. Con bot\u00f3n ON\/OFF para el control de carga y conectores de entrada\/salida Tipo C + salida USB. Incluye luz LED de carga y cable Tipo C. Disponible en variada gama de colores.Las capacidades mostradas en todas nuestras bater\u00edas auxiliares externas son reales, incorporando todas ellas bater\u00edas de grado A y no recicladas, con una vida \u00fatil de al menos 500 ciclos de carga y seg\u00fan normativa CE.El art\u00edculo est\u00e1 fabricado conforme a los est\u00e1ndares RoHS, cumpliendo con los siguientes requisitos de seguridad:Sistema de protecci\u00f3n contra sobrecarga del dispositivo. Sistema de protecci\u00f3n contra descarga completa que proporciona una mayor durabilidad.Sistema de bloqueo para evitar cortocircuitos.Sistema de transferencia de carga constante, acorde con la capacidad del dispositivo de destino.El aluminio reciclado es un material con posibilidades de reciclaje casi infinitas, sin perder sus propiedades originales y consumiendo menos energ\u00eda en este proceso.Certificaci\u00f3n GRS (Global Recycled Standard \/ Est\u00e1ndar de Reciclaje Global), que garantiza el origen reciclado del material usado para fabricar el producto.<\/p>","protected":false},"excerpt":{"rendered":"<p>2600 mAh. Salida USB. Salida y Entrada Tipo C<\/p>","protected":false},"featured_media":75204,"comment_status":"open","ping_status":"open","template":"","meta":{"inline_featured_image":false},"product_brand":[],"product_cat":[122,95],"product_tag":[],"class_list":{"0":"post-47084","1":"product","2":"type-product","3":"status-publish","4":"has-post-thumbnail","6":"product_cat-articulos-sostenibles","7":"product_cat-tecnologia-y-accesorios","9":"first","10":"instock","11":"taxable","12":"shipping-taxable","13":"purchasable","14":"product-type-variable","15":"has-default-attributes"},"aioseo_notices":[],"_links":{"self":[{"href":"https:\/\/imprimeideas.es\/en\/wp-json\/wp\/v2\/product\/47084","targetHints":{"allow":["GET"]}}],"collection":[{"href":"https:\/\/imprimeideas.es\/en\/wp-json\/wp\/v2\/product"}],"about":[{"href":"https:\/\/imprimeideas.es\/en\/wp-json\/wp\/v2\/types\/product"}],"replies":[{"embeddable":true,"href":"https:\/\/imprimeideas.es\/en\/wp-json\/wp\/v2\/comments?post=47084"}],"version-history":[{"count":1,"href":"https:\/\/imprimeideas.es\/en\/wp-json\/wp\/v2\/product\/47084\/revisions"}],"predecessor-version":[{"id":55989,"href":"https:\/\/imprimeideas.es\/en\/wp-json\/wp\/v2\/product\/47084\/revisions\/55989"}],"wp:featuredmedia":[{"embeddable":true,"href":"https:\/\/imprimeideas.es\/en\/wp-json\/wp\/v2\/media\/75204"}],"wp:attachment":[{"href":"https:\/\/imprimeideas.es\/en\/wp-json\/wp\/v2\/media?parent=47084"}],"wp:term":[{"taxonomy":"product_brand","embeddable":true,"href":"https:\/\/imprimeideas.es\/en\/wp-json\/wp\/v2\/product_brand?post=47084"},{"taxonomy":"product_cat","embeddable":true,"href":"https:\/\/imprimeideas.es\/en\/wp-json\/wp\/v2\/product_cat?post=47084"},{"taxonomy":"product_tag","embeddable":true,"href":"https:\/\/imprimeideas.es\/en\/wp-json\/wp\/v2\/product_tag?post=47084"}],"curies":[{"name":"wp","href":"https:\/\/api.w.org\/{rel}","templated":true}]}}