{"id":47077,"date":"2026-02-24T11:41:02","date_gmt":"2026-02-24T10:41:02","guid":{"rendered":"https:\/\/imprimeideas.es\/?post_type=product&p=47077"},"modified":"2026-02-26T18:13:46","modified_gmt":"2026-02-26T17:13:46","slug":"bolso-framton","status":"publish","type":"product","link":"https:\/\/imprimeideas.es\/en\/product\/bolso-framton\/","title":{"rendered":"Bolso Framton"},"content":{"rendered":"<p>Bolso fabricado en resistente poli\u00e9ster RPET 600D. Compartimento principal con cierre de cremallera de doble tirador y bolsillo exterior con cierre de cremallera con tirador. Con sas reforzadas alrededor del cuerpo en color negro y empu\u00f1adura acolchada a color. Incluye asa de transporte en lateral y cinta bandolera ajustable de doble anclaje de mosquet\u00f3n. El material RPET se elabora a partir de pl\u00e1stico reciclado, para as\u00ed fomentar la reutilizaci\u00f3n de residuos pl\u00e1sticos y ayudar a la sostenibilidad del planeta.<\/p>","protected":false},"excerpt":{"rendered":"<p>Bolso fabricado en resistente poli\u00e9ster RPET 600D. Compartimento principal con cierre de cremallera de doble tirador y bolsillo exterior con<\/p>","protected":false},"featured_media":72170,"comment_status":"open","ping_status":"open","template":"","meta":{"inline_featured_image":false},"product_brand":[],"product_cat":[122,100],"product_tag":[],"class_list":{"0":"post-47077","1":"product","2":"type-product","3":"status-publish","4":"has-post-thumbnail","6":"product_cat-articulos-sostenibles","7":"product_cat-escritura","9":"first","10":"instock","11":"taxable","12":"shipping-taxable","13":"purchasable","14":"product-type-variable","15":"has-default-attributes"},"aioseo_notices":[],"_links":{"self":[{"href":"https:\/\/imprimeideas.es\/en\/wp-json\/wp\/v2\/product\/47077","targetHints":{"allow":["GET"]}}],"collection":[{"href":"https:\/\/imprimeideas.es\/en\/wp-json\/wp\/v2\/product"}],"about":[{"href":"https:\/\/imprimeideas.es\/en\/wp-json\/wp\/v2\/types\/product"}],"replies":[{"embeddable":true,"href":"https:\/\/imprimeideas.es\/en\/wp-json\/wp\/v2\/comments?post=47077"}],"version-history":[{"count":1,"href":"https:\/\/imprimeideas.es\/en\/wp-json\/wp\/v2\/product\/47077\/revisions"}],"predecessor-version":[{"id":55988,"href":"https:\/\/imprimeideas.es\/en\/wp-json\/wp\/v2\/product\/47077\/revisions\/55988"}],"wp:featuredmedia":[{"embeddable":true,"href":"https:\/\/imprimeideas.es\/en\/wp-json\/wp\/v2\/media\/72170"}],"wp:attachment":[{"href":"https:\/\/imprimeideas.es\/en\/wp-json\/wp\/v2\/media?parent=47077"}],"wp:term":[{"taxonomy":"product_brand","embeddable":true,"href":"https:\/\/imprimeideas.es\/en\/wp-json\/wp\/v2\/product_brand?post=47077"},{"taxonomy":"product_cat","embeddable":true,"href":"https:\/\/imprimeideas.es\/en\/wp-json\/wp\/v2\/product_cat?post=47077"},{"taxonomy":"product_tag","embeddable":true,"href":"https:\/\/imprimeideas.es\/en\/wp-json\/wp\/v2\/product_tag?post=47077"}],"curies":[{"name":"wp","href":"https:\/\/api.w.org\/{rel}","templated":true}]}}