{"id":47066,"date":"2026-02-24T11:40:55","date_gmt":"2026-02-24T10:40:55","guid":{"rendered":"https:\/\/imprimeideas.es\/?post_type=product&p=47066"},"modified":"2026-02-26T18:13:49","modified_gmt":"2026-02-26T17:13:49","slug":"lupa-llavero-kitins-8x","status":"publish","type":"product","link":"https:\/\/imprimeideas.es\/en\/product\/lupa-llavero-kitins-8x\/","title":{"rendered":"Lupa Llavero Kitins 8X"},"content":{"rendered":"<p>Pr\u00e1ctico llavero lupa plegable, con aumento de 8x y fabricado en resistente metal. F\u00e1cil de transportar por su reducido tama\u00f1o y presentado en caja de cart\u00f3n negra.<\/p>","protected":false},"excerpt":{"rendered":"<p>Pr\u00e1ctico llavero lupa plegable, con aumento de 8x y fabricado en resistente metal. F\u00e1cil de transportar por su reducido tama\u00f1o<\/p>","protected":false},"featured_media":70960,"comment_status":"open","ping_status":"open","template":"","meta":{"inline_featured_image":false},"product_brand":[],"product_cat":[111],"product_tag":[],"class_list":{"0":"post-47066","1":"product","2":"type-product","3":"status-publish","4":"has-post-thumbnail","6":"product_cat-agricultura","8":"first","9":"instock","10":"taxable","11":"shipping-taxable","12":"purchasable","13":"product-type-variable","14":"has-default-attributes"},"aioseo_notices":[],"_links":{"self":[{"href":"https:\/\/imprimeideas.es\/en\/wp-json\/wp\/v2\/product\/47066","targetHints":{"allow":["GET"]}}],"collection":[{"href":"https:\/\/imprimeideas.es\/en\/wp-json\/wp\/v2\/product"}],"about":[{"href":"https:\/\/imprimeideas.es\/en\/wp-json\/wp\/v2\/types\/product"}],"replies":[{"embeddable":true,"href":"https:\/\/imprimeideas.es\/en\/wp-json\/wp\/v2\/comments?post=47066"}],"version-history":[{"count":1,"href":"https:\/\/imprimeideas.es\/en\/wp-json\/wp\/v2\/product\/47066\/revisions"}],"predecessor-version":[{"id":55987,"href":"https:\/\/imprimeideas.es\/en\/wp-json\/wp\/v2\/product\/47066\/revisions\/55987"}],"wp:featuredmedia":[{"embeddable":true,"href":"https:\/\/imprimeideas.es\/en\/wp-json\/wp\/v2\/media\/70960"}],"wp:attachment":[{"href":"https:\/\/imprimeideas.es\/en\/wp-json\/wp\/v2\/media?parent=47066"}],"wp:term":[{"taxonomy":"product_brand","embeddable":true,"href":"https:\/\/imprimeideas.es\/en\/wp-json\/wp\/v2\/product_brand?post=47066"},{"taxonomy":"product_cat","embeddable":true,"href":"https:\/\/imprimeideas.es\/en\/wp-json\/wp\/v2\/product_cat?post=47066"},{"taxonomy":"product_tag","embeddable":true,"href":"https:\/\/imprimeideas.es\/en\/wp-json\/wp\/v2\/product_tag?post=47066"}],"curies":[{"name":"wp","href":"https:\/\/api.w.org\/{rel}","templated":true}]}}