{"id":47061,"date":"2026-02-24T11:40:55","date_gmt":"2026-02-24T10:40:55","guid":{"rendered":"https:\/\/imprimeideas.es\/?post_type=product&p=47061"},"modified":"2026-02-26T18:37:32","modified_gmt":"2026-02-26T17:37:32","slug":"microscopio-saganix-60x","status":"publish","type":"product","link":"https:\/\/imprimeideas.es\/en\/product\/microscopio-saganix-60x\/","title":{"rendered":"Microscopio Saganix 60X"},"content":{"rendered":"<p>Microscopio de bolsillo ajustable, aumento de hasta 60x. Incluye un pr\u00e1ctico clip para adaptarlo a la c\u00e1mara del smartphone y hacer fotos o v\u00eddeos. Con 2 tipos de luz (LED y ultravioleta) y ajustable mediante el dial lateral. Fabricado en resistente material ABS y alimentado por una pila de bot\u00f3n (incluida). Se suministra con una bolsa de transporte y un manual de instrucciones en ingl\u00e9s y espa\u00f1ol. Presentado en caja individual.<\/p>","protected":false},"excerpt":{"rendered":"<p>1 Led. Luz Ultravioleta. Funda Poli\u00e9ster. Pilas Bot\u00f3n Incluidas<\/p>","protected":false},"featured_media":72476,"comment_status":"open","ping_status":"open","template":"","meta":{"inline_featured_image":false},"product_brand":[],"product_cat":[111],"product_tag":[],"class_list":{"0":"post-47061","1":"product","2":"type-product","3":"status-publish","4":"has-post-thumbnail","6":"product_cat-agricultura","8":"first","9":"instock","10":"taxable","11":"shipping-taxable","12":"purchasable","13":"product-type-variable","14":"has-default-attributes"},"aioseo_notices":[],"_links":{"self":[{"href":"https:\/\/imprimeideas.es\/en\/wp-json\/wp\/v2\/product\/47061","targetHints":{"allow":["GET"]}}],"collection":[{"href":"https:\/\/imprimeideas.es\/en\/wp-json\/wp\/v2\/product"}],"about":[{"href":"https:\/\/imprimeideas.es\/en\/wp-json\/wp\/v2\/types\/product"}],"replies":[{"embeddable":true,"href":"https:\/\/imprimeideas.es\/en\/wp-json\/wp\/v2\/comments?post=47061"}],"version-history":[{"count":1,"href":"https:\/\/imprimeideas.es\/en\/wp-json\/wp\/v2\/product\/47061\/revisions"}],"predecessor-version":[{"id":55985,"href":"https:\/\/imprimeideas.es\/en\/wp-json\/wp\/v2\/product\/47061\/revisions\/55985"}],"wp:featuredmedia":[{"embeddable":true,"href":"https:\/\/imprimeideas.es\/en\/wp-json\/wp\/v2\/media\/72476"}],"wp:attachment":[{"href":"https:\/\/imprimeideas.es\/en\/wp-json\/wp\/v2\/media?parent=47061"}],"wp:term":[{"taxonomy":"product_brand","embeddable":true,"href":"https:\/\/imprimeideas.es\/en\/wp-json\/wp\/v2\/product_brand?post=47061"},{"taxonomy":"product_cat","embeddable":true,"href":"https:\/\/imprimeideas.es\/en\/wp-json\/wp\/v2\/product_cat?post=47061"},{"taxonomy":"product_tag","embeddable":true,"href":"https:\/\/imprimeideas.es\/en\/wp-json\/wp\/v2\/product_tag?post=47061"}],"curies":[{"name":"wp","href":"https:\/\/api.w.org\/{rel}","templated":true}]}}