{"id":47059,"date":"2026-02-24T11:40:54","date_gmt":"2026-02-24T10:40:54","guid":{"rendered":"https:\/\/imprimeideas.es\/?post_type=product&p=47059"},"modified":"2026-02-26T18:13:41","modified_gmt":"2026-02-26T17:13:41","slug":"lupa-keyan-30-60x","status":"publish","type":"product","link":"https:\/\/imprimeideas.es\/en\/product\/lupa-keyan-30-60x\/","title":{"rendered":"Lupa Keyan 30\/60X"},"content":{"rendered":"<p>Lupa plegable doble con aumento 30x y 60x, fabricada en resistente metal. Con luces LED integradas y gran potencia de aumento para obtener una visi\u00f3n muy cercana de los detalles m\u00e1s peque\u00f1os y ampliaci\u00f3n sin distorsi\u00f3n. Ideal para inspeccionar objetos de tama\u00f1o reducido, textos, etc. Adem\u00e1s, tiene un accesorio para colgar, y viene dentro de un estuche con interior acolchado para una mayor protecci\u00f3n. Alimentaci\u00f3n a pilas (de bot\u00f3n incluidas), con llave especial para reemplazarlas cuando se agoten. Presentada en caja de cart\u00f3n negra.<\/p>","protected":false},"excerpt":{"rendered":"<p>2 Ledes. Pilas Bot\u00f3n Incluidas<\/p>","protected":false},"featured_media":70505,"comment_status":"open","ping_status":"open","template":"","meta":{"inline_featured_image":false},"product_brand":[],"product_cat":[111],"product_tag":[],"class_list":{"0":"post-47059","1":"product","2":"type-product","3":"status-publish","4":"has-post-thumbnail","6":"product_cat-agricultura","8":"first","9":"instock","10":"taxable","11":"shipping-taxable","12":"purchasable","13":"product-type-variable","14":"has-default-attributes"},"aioseo_notices":[],"_links":{"self":[{"href":"https:\/\/imprimeideas.es\/en\/wp-json\/wp\/v2\/product\/47059","targetHints":{"allow":["GET"]}}],"collection":[{"href":"https:\/\/imprimeideas.es\/en\/wp-json\/wp\/v2\/product"}],"about":[{"href":"https:\/\/imprimeideas.es\/en\/wp-json\/wp\/v2\/types\/product"}],"replies":[{"embeddable":true,"href":"https:\/\/imprimeideas.es\/en\/wp-json\/wp\/v2\/comments?post=47059"}],"version-history":[{"count":1,"href":"https:\/\/imprimeideas.es\/en\/wp-json\/wp\/v2\/product\/47059\/revisions"}],"predecessor-version":[{"id":55984,"href":"https:\/\/imprimeideas.es\/en\/wp-json\/wp\/v2\/product\/47059\/revisions\/55984"}],"wp:featuredmedia":[{"embeddable":true,"href":"https:\/\/imprimeideas.es\/en\/wp-json\/wp\/v2\/media\/70505"}],"wp:attachment":[{"href":"https:\/\/imprimeideas.es\/en\/wp-json\/wp\/v2\/media?parent=47059"}],"wp:term":[{"taxonomy":"product_brand","embeddable":true,"href":"https:\/\/imprimeideas.es\/en\/wp-json\/wp\/v2\/product_brand?post=47059"},{"taxonomy":"product_cat","embeddable":true,"href":"https:\/\/imprimeideas.es\/en\/wp-json\/wp\/v2\/product_cat?post=47059"},{"taxonomy":"product_tag","embeddable":true,"href":"https:\/\/imprimeideas.es\/en\/wp-json\/wp\/v2\/product_tag?post=47059"}],"curies":[{"name":"wp","href":"https:\/\/api.w.org\/{rel}","templated":true}]}}