{"id":47053,"date":"2026-02-24T11:40:54","date_gmt":"2026-02-24T10:40:54","guid":{"rendered":"https:\/\/imprimeideas.es\/?post_type=product&p=47053"},"modified":"2026-02-26T18:32:54","modified_gmt":"2026-02-26T17:32:54","slug":"lupa-tudels-8x","status":"publish","type":"product","link":"https:\/\/imprimeideas.es\/en\/product\/lupa-tudels-8x\/","title":{"rendered":"Lupa Tudels 8X"},"content":{"rendered":"<p>Lupa plegable de 8 aumentos fabricada en resistente PP, con luz LED integrada y regla de medici\u00f3n, Alimentada con pila de bot\u00f3n (incluida) y presentada en caja individual negra de cart\u00f3n negro.<\/p>","protected":false},"excerpt":{"rendered":"<p>1 Led. Con Regla para Medici\u00f3n. Pilas Bot\u00f3n Incluidas<\/p>","protected":false},"featured_media":68719,"comment_status":"open","ping_status":"open","template":"","meta":{"inline_featured_image":false},"product_brand":[],"product_cat":[111],"product_tag":[],"class_list":{"0":"post-47053","1":"product","2":"type-product","3":"status-publish","4":"has-post-thumbnail","6":"product_cat-agricultura","8":"first","9":"instock","10":"taxable","11":"shipping-taxable","12":"purchasable","13":"product-type-variable","14":"has-default-attributes"},"aioseo_notices":[],"_links":{"self":[{"href":"https:\/\/imprimeideas.es\/en\/wp-json\/wp\/v2\/product\/47053","targetHints":{"allow":["GET"]}}],"collection":[{"href":"https:\/\/imprimeideas.es\/en\/wp-json\/wp\/v2\/product"}],"about":[{"href":"https:\/\/imprimeideas.es\/en\/wp-json\/wp\/v2\/types\/product"}],"replies":[{"embeddable":true,"href":"https:\/\/imprimeideas.es\/en\/wp-json\/wp\/v2\/comments?post=47053"}],"version-history":[{"count":1,"href":"https:\/\/imprimeideas.es\/en\/wp-json\/wp\/v2\/product\/47053\/revisions"}],"predecessor-version":[{"id":55981,"href":"https:\/\/imprimeideas.es\/en\/wp-json\/wp\/v2\/product\/47053\/revisions\/55981"}],"wp:featuredmedia":[{"embeddable":true,"href":"https:\/\/imprimeideas.es\/en\/wp-json\/wp\/v2\/media\/68719"}],"wp:attachment":[{"href":"https:\/\/imprimeideas.es\/en\/wp-json\/wp\/v2\/media?parent=47053"}],"wp:term":[{"taxonomy":"product_brand","embeddable":true,"href":"https:\/\/imprimeideas.es\/en\/wp-json\/wp\/v2\/product_brand?post=47053"},{"taxonomy":"product_cat","embeddable":true,"href":"https:\/\/imprimeideas.es\/en\/wp-json\/wp\/v2\/product_cat?post=47053"},{"taxonomy":"product_tag","embeddable":true,"href":"https:\/\/imprimeideas.es\/en\/wp-json\/wp\/v2\/product_tag?post=47053"}],"curies":[{"name":"wp","href":"https:\/\/api.w.org\/{rel}","templated":true}]}}