{"id":47049,"date":"2026-02-24T11:40:53","date_gmt":"2026-02-24T10:40:53","guid":{"rendered":"https:\/\/imprimeideas.es\/?post_type=product&p=47049"},"modified":"2026-02-26T18:27:58","modified_gmt":"2026-02-26T17:27:58","slug":"lupa-nalix-10-20x","status":"publish","type":"product","link":"https:\/\/imprimeideas.es\/en\/product\/lupa-nalix-10-20x\/","title":{"rendered":"Lupa Nalix 10\/20X"},"content":{"rendered":"<p>Lupa plegable doble con aumento 10x y 20x, fabricada en resistente metal. Gran potencia de aumento para obtener una visi\u00f3n muy cercana de los detalles m\u00e1s peque\u00f1os, con ampliaci\u00f3n sin distorsi\u00f3n. Ideal para inspeccionar objetos de tama\u00f1o reducido, textos, etc. Adem\u00e1s, viene dentro de un estuche con interior acolchado para una mayor protecci\u00f3n. Presentada en caja de cart\u00f3n negra.<\/p>","protected":false},"excerpt":{"rendered":"<p>Lupa plegable doble con aumento 10x y 20x, fabricada en resistente metal. Gran potencia de aumento para obtener una visi\u00f3n<\/p>","protected":false},"featured_media":84258,"comment_status":"open","ping_status":"open","template":"","meta":{"inline_featured_image":false},"product_brand":[],"product_cat":[111],"product_tag":[],"class_list":{"0":"post-47049","1":"product","2":"type-product","3":"status-publish","4":"has-post-thumbnail","6":"product_cat-agricultura","8":"first","9":"instock","10":"taxable","11":"shipping-taxable","12":"purchasable","13":"product-type-variable","14":"has-default-attributes"},"aioseo_notices":[],"_links":{"self":[{"href":"https:\/\/imprimeideas.es\/en\/wp-json\/wp\/v2\/product\/47049","targetHints":{"allow":["GET"]}}],"collection":[{"href":"https:\/\/imprimeideas.es\/en\/wp-json\/wp\/v2\/product"}],"about":[{"href":"https:\/\/imprimeideas.es\/en\/wp-json\/wp\/v2\/types\/product"}],"replies":[{"embeddable":true,"href":"https:\/\/imprimeideas.es\/en\/wp-json\/wp\/v2\/comments?post=47049"}],"version-history":[{"count":1,"href":"https:\/\/imprimeideas.es\/en\/wp-json\/wp\/v2\/product\/47049\/revisions"}],"predecessor-version":[{"id":55979,"href":"https:\/\/imprimeideas.es\/en\/wp-json\/wp\/v2\/product\/47049\/revisions\/55979"}],"wp:featuredmedia":[{"embeddable":true,"href":"https:\/\/imprimeideas.es\/en\/wp-json\/wp\/v2\/media\/84258"}],"wp:attachment":[{"href":"https:\/\/imprimeideas.es\/en\/wp-json\/wp\/v2\/media?parent=47049"}],"wp:term":[{"taxonomy":"product_brand","embeddable":true,"href":"https:\/\/imprimeideas.es\/en\/wp-json\/wp\/v2\/product_brand?post=47049"},{"taxonomy":"product_cat","embeddable":true,"href":"https:\/\/imprimeideas.es\/en\/wp-json\/wp\/v2\/product_cat?post=47049"},{"taxonomy":"product_tag","embeddable":true,"href":"https:\/\/imprimeideas.es\/en\/wp-json\/wp\/v2\/product_tag?post=47049"}],"curies":[{"name":"wp","href":"https:\/\/api.w.org\/{rel}","templated":true}]}}