{"id":47031,"date":"2026-02-24T11:40:51","date_gmt":"2026-02-24T10:40:51","guid":{"rendered":"https:\/\/imprimeideas.es\/?post_type=product&p=47031"},"modified":"2026-02-26T18:32:59","modified_gmt":"2026-02-26T17:32:59","slug":"bidon-finterrix","status":"publish","type":"product","link":"https:\/\/imprimeideas.es\/en\/product\/bidon-finterrix\/","title":{"rendered":"Bid\u00f3n Finterrix"},"content":{"rendered":"<p>Bid\u00f3n de 800 ml con cuerpo acabado en PP. Con tap\u00f3n de rosca, dosificador de seguridad y filtro extra\u00edble, disponible en variada gama de colores. Cuerpo troquelado para un mayor agarre y presentado en bolsa individual.<\/p>","protected":false},"excerpt":{"rendered":"<p>800 ml<\/p>","protected":false},"featured_media":71822,"comment_status":"open","ping_status":"open","template":"","meta":{"inline_featured_image":false},"product_brand":[],"product_cat":[101],"product_tag":[],"class_list":{"0":"post-47031","1":"product","2":"type-product","3":"status-publish","4":"has-post-thumbnail","6":"product_cat-deporte-y-aventura","8":"first","9":"instock","10":"taxable","11":"shipping-taxable","12":"purchasable","13":"product-type-variable","14":"has-default-attributes"},"aioseo_notices":[],"_links":{"self":[{"href":"https:\/\/imprimeideas.es\/en\/wp-json\/wp\/v2\/product\/47031","targetHints":{"allow":["GET"]}}],"collection":[{"href":"https:\/\/imprimeideas.es\/en\/wp-json\/wp\/v2\/product"}],"about":[{"href":"https:\/\/imprimeideas.es\/en\/wp-json\/wp\/v2\/types\/product"}],"replies":[{"embeddable":true,"href":"https:\/\/imprimeideas.es\/en\/wp-json\/wp\/v2\/comments?post=47031"}],"version-history":[{"count":1,"href":"https:\/\/imprimeideas.es\/en\/wp-json\/wp\/v2\/product\/47031\/revisions"}],"predecessor-version":[{"id":55976,"href":"https:\/\/imprimeideas.es\/en\/wp-json\/wp\/v2\/product\/47031\/revisions\/55976"}],"wp:featuredmedia":[{"embeddable":true,"href":"https:\/\/imprimeideas.es\/en\/wp-json\/wp\/v2\/media\/71822"}],"wp:attachment":[{"href":"https:\/\/imprimeideas.es\/en\/wp-json\/wp\/v2\/media?parent=47031"}],"wp:term":[{"taxonomy":"product_brand","embeddable":true,"href":"https:\/\/imprimeideas.es\/en\/wp-json\/wp\/v2\/product_brand?post=47031"},{"taxonomy":"product_cat","embeddable":true,"href":"https:\/\/imprimeideas.es\/en\/wp-json\/wp\/v2\/product_cat?post=47031"},{"taxonomy":"product_tag","embeddable":true,"href":"https:\/\/imprimeideas.es\/en\/wp-json\/wp\/v2\/product_tag?post=47031"}],"curies":[{"name":"wp","href":"https:\/\/api.w.org\/{rel}","templated":true}]}}