{"id":47025,"date":"2026-02-24T11:40:50","date_gmt":"2026-02-24T10:40:50","guid":{"rendered":"https:\/\/imprimeideas.es\/?post_type=product&p=47025"},"modified":"2026-02-26T18:19:25","modified_gmt":"2026-02-26T17:19:25","slug":"anemometro-balest","status":"publish","type":"product","link":"https:\/\/imprimeideas.es\/en\/product\/anemometro-balest\/","title":{"rendered":"Anem\u00f3metro Balest"},"content":{"rendered":"<p>Anem\u00f3metro fabricado en resistente ABS. Con pantalla LCD retroiluminada de gran tama\u00f1o, que muestra la velocidad del viento, la temperatura y el nivel de bater\u00eda. Incorpora funciones de medici\u00f3n de velocidad actual del aire, velocidad m\u00e1xima y promedio. Disponibles multitud de unidades de medida, entre las que destacan la escala de intensidad de Beaufort y la velocidad del aire en distintos formatos (m\/s; km\/h; ft\/min; nudos; mph). Adem\u00e1s, muestra la temperatura ambiente en \u00baC\/\u00baF, la temperatura atmosf\u00e9rica y la sensaci\u00f3n t\u00e9rmica. Con funci\u00f3n de apagado autom\u00e1tico tras unos minutos de inactividad y memoria que permite acceder a los registros almacenados en mediciones anteriores, aunque se haya apagado el dispositivo con anterioridad. Alimentado por pila de bot\u00f3n (incluida) y presentado en caja individual de acabado kraft.<\/p>","protected":false},"excerpt":{"rendered":"<p>Pila Bot\u00f3n Incluida<\/p>","protected":false},"featured_media":81101,"comment_status":"open","ping_status":"open","template":"","meta":{"inline_featured_image":false},"product_brand":[],"product_cat":[111],"product_tag":[],"class_list":{"0":"post-47025","1":"product","2":"type-product","3":"status-publish","4":"has-post-thumbnail","6":"product_cat-agricultura","8":"first","9":"instock","10":"taxable","11":"shipping-taxable","12":"purchasable","13":"product-type-variable","14":"has-default-attributes"},"aioseo_notices":[],"_links":{"self":[{"href":"https:\/\/imprimeideas.es\/en\/wp-json\/wp\/v2\/product\/47025","targetHints":{"allow":["GET"]}}],"collection":[{"href":"https:\/\/imprimeideas.es\/en\/wp-json\/wp\/v2\/product"}],"about":[{"href":"https:\/\/imprimeideas.es\/en\/wp-json\/wp\/v2\/types\/product"}],"replies":[{"embeddable":true,"href":"https:\/\/imprimeideas.es\/en\/wp-json\/wp\/v2\/comments?post=47025"}],"version-history":[{"count":1,"href":"https:\/\/imprimeideas.es\/en\/wp-json\/wp\/v2\/product\/47025\/revisions"}],"predecessor-version":[{"id":55973,"href":"https:\/\/imprimeideas.es\/en\/wp-json\/wp\/v2\/product\/47025\/revisions\/55973"}],"wp:featuredmedia":[{"embeddable":true,"href":"https:\/\/imprimeideas.es\/en\/wp-json\/wp\/v2\/media\/81101"}],"wp:attachment":[{"href":"https:\/\/imprimeideas.es\/en\/wp-json\/wp\/v2\/media?parent=47025"}],"wp:term":[{"taxonomy":"product_brand","embeddable":true,"href":"https:\/\/imprimeideas.es\/en\/wp-json\/wp\/v2\/product_brand?post=47025"},{"taxonomy":"product_cat","embeddable":true,"href":"https:\/\/imprimeideas.es\/en\/wp-json\/wp\/v2\/product_cat?post=47025"},{"taxonomy":"product_tag","embeddable":true,"href":"https:\/\/imprimeideas.es\/en\/wp-json\/wp\/v2\/product_tag?post=47025"}],"curies":[{"name":"wp","href":"https:\/\/api.w.org\/{rel}","templated":true}]}}