{"id":47023,"date":"2026-02-24T11:40:50","date_gmt":"2026-02-24T10:40:50","guid":{"rendered":"https:\/\/imprimeideas.es\/?post_type=product&p=47023"},"modified":"2026-02-26T18:23:32","modified_gmt":"2026-02-26T17:23:32","slug":"refractometro-jekux","status":"publish","type":"product","link":"https:\/\/imprimeideas.es\/en\/product\/refractometro-jekux\/","title":{"rendered":"Refract\u00f3metro Jekux"},"content":{"rendered":"<p>Refract\u00f3metro manual port\u00e1til, especialmente dise\u00f1ado para el control de los grados Brix. Funciona vertiendo una gota en el compartimento designado, bajando a continuaci\u00f3n la tapa transparente y mirando a trav\u00e9s del visor, a la vez que se ajusta el bot\u00f3n. Port\u00e1til y presentado en un resistente estuche de transporte con cierre de seguridad y accesorios interiores. Con instrucciones en espa\u00f1ol e ingl\u00e9s. Presentado en caja de dise\u00f1o kraft.Contenido: -Medidor -Estuche de transporte con interior de espuma -Pipeta -Destornillador -Pa\u00f1o limpiador<\/p>","protected":false},"excerpt":{"rendered":"<p>Refract\u00f3metro manual port\u00e1til, especialmente dise\u00f1ado para el control de los grados Brix. Funciona vertiendo una gota en el compartimento designado,<\/p>","protected":false},"featured_media":71682,"comment_status":"open","ping_status":"open","template":"","meta":{"inline_featured_image":false},"product_brand":[],"product_cat":[111],"product_tag":[],"class_list":{"0":"post-47023","1":"product","2":"type-product","3":"status-publish","4":"has-post-thumbnail","6":"product_cat-agricultura","8":"first","9":"instock","10":"taxable","11":"shipping-taxable","12":"purchasable","13":"product-type-variable","14":"has-default-attributes"},"aioseo_notices":[],"_links":{"self":[{"href":"https:\/\/imprimeideas.es\/en\/wp-json\/wp\/v2\/product\/47023","targetHints":{"allow":["GET"]}}],"collection":[{"href":"https:\/\/imprimeideas.es\/en\/wp-json\/wp\/v2\/product"}],"about":[{"href":"https:\/\/imprimeideas.es\/en\/wp-json\/wp\/v2\/types\/product"}],"replies":[{"embeddable":true,"href":"https:\/\/imprimeideas.es\/en\/wp-json\/wp\/v2\/comments?post=47023"}],"version-history":[{"count":1,"href":"https:\/\/imprimeideas.es\/en\/wp-json\/wp\/v2\/product\/47023\/revisions"}],"predecessor-version":[{"id":55972,"href":"https:\/\/imprimeideas.es\/en\/wp-json\/wp\/v2\/product\/47023\/revisions\/55972"}],"wp:featuredmedia":[{"embeddable":true,"href":"https:\/\/imprimeideas.es\/en\/wp-json\/wp\/v2\/media\/71682"}],"wp:attachment":[{"href":"https:\/\/imprimeideas.es\/en\/wp-json\/wp\/v2\/media?parent=47023"}],"wp:term":[{"taxonomy":"product_brand","embeddable":true,"href":"https:\/\/imprimeideas.es\/en\/wp-json\/wp\/v2\/product_brand?post=47023"},{"taxonomy":"product_cat","embeddable":true,"href":"https:\/\/imprimeideas.es\/en\/wp-json\/wp\/v2\/product_cat?post=47023"},{"taxonomy":"product_tag","embeddable":true,"href":"https:\/\/imprimeideas.es\/en\/wp-json\/wp\/v2\/product_tag?post=47023"}],"curies":[{"name":"wp","href":"https:\/\/api.w.org\/{rel}","templated":true}]}}