{"id":47021,"date":"2026-02-24T11:40:50","date_gmt":"2026-02-24T10:40:50","guid":{"rendered":"https:\/\/imprimeideas.es\/?post_type=product&p=47021"},"modified":"2026-02-26T18:08:12","modified_gmt":"2026-02-26T17:08:12","slug":"calibre-sheley","status":"publish","type":"product","link":"https:\/\/imprimeideas.es\/en\/product\/calibre-sheley\/","title":{"rendered":"Calibre Sheley"},"content":{"rendered":"<p>Calibre pie de rey con modo de medici\u00f3n digital y anal\u00f3gico. Con pantalla LCD y botones ON\/OFF, ZERO para ajuste y otro para seleccionar la medida en mm o en pulgadas. Incluye sonda para medir la profundidad y pinzas para el medir el interior de los objetos. Rango de medici\u00f3n hasta 150 mm, con instrucciones en espa\u00f1ol e ingl\u00e9s y presentado en caja individual de dise\u00f1o kraft.<\/p>","protected":false},"excerpt":{"rendered":"<p>Pila Bot\u00f3n Incluida<\/p>","protected":false},"featured_media":83810,"comment_status":"open","ping_status":"open","template":"","meta":{"inline_featured_image":false},"product_brand":[],"product_cat":[111],"product_tag":[],"class_list":{"0":"post-47021","1":"product","2":"type-product","3":"status-publish","4":"has-post-thumbnail","6":"product_cat-agricultura","8":"first","9":"instock","10":"taxable","11":"shipping-taxable","12":"purchasable","13":"product-type-variable","14":"has-default-attributes"},"aioseo_notices":[],"_links":{"self":[{"href":"https:\/\/imprimeideas.es\/en\/wp-json\/wp\/v2\/product\/47021","targetHints":{"allow":["GET"]}}],"collection":[{"href":"https:\/\/imprimeideas.es\/en\/wp-json\/wp\/v2\/product"}],"about":[{"href":"https:\/\/imprimeideas.es\/en\/wp-json\/wp\/v2\/types\/product"}],"replies":[{"embeddable":true,"href":"https:\/\/imprimeideas.es\/en\/wp-json\/wp\/v2\/comments?post=47021"}],"version-history":[{"count":1,"href":"https:\/\/imprimeideas.es\/en\/wp-json\/wp\/v2\/product\/47021\/revisions"}],"predecessor-version":[{"id":55971,"href":"https:\/\/imprimeideas.es\/en\/wp-json\/wp\/v2\/product\/47021\/revisions\/55971"}],"wp:featuredmedia":[{"embeddable":true,"href":"https:\/\/imprimeideas.es\/en\/wp-json\/wp\/v2\/media\/83810"}],"wp:attachment":[{"href":"https:\/\/imprimeideas.es\/en\/wp-json\/wp\/v2\/media?parent=47021"}],"wp:term":[{"taxonomy":"product_brand","embeddable":true,"href":"https:\/\/imprimeideas.es\/en\/wp-json\/wp\/v2\/product_brand?post=47021"},{"taxonomy":"product_cat","embeddable":true,"href":"https:\/\/imprimeideas.es\/en\/wp-json\/wp\/v2\/product_cat?post=47021"},{"taxonomy":"product_tag","embeddable":true,"href":"https:\/\/imprimeideas.es\/en\/wp-json\/wp\/v2\/product_tag?post=47021"}],"curies":[{"name":"wp","href":"https:\/\/api.w.org\/{rel}","templated":true}]}}