{"id":47019,"date":"2026-02-24T11:40:50","date_gmt":"2026-02-24T10:40:50","guid":{"rendered":"https:\/\/imprimeideas.es\/?post_type=product&p=47019"},"modified":"2026-02-26T18:19:37","modified_gmt":"2026-02-26T17:19:37","slug":"combitester-pyrom","status":"publish","type":"product","link":"https:\/\/imprimeideas.es\/en\/product\/combitester-pyrom\/","title":{"rendered":"Combitester Pyrom"},"content":{"rendered":"<p>Higr\u00f3metro medidor de suelo 3 en 1, para un mayor control del crecimiento de los cultivos o plantas. Mide la humedad, el pH y la exposici\u00f3n a la luz, pudiendo cambiar de funci\u00f3n mediante un bot\u00f3n. V\u00e1lido para uso exterior e interior, con dos sondas para introducir en la tierra a nivel de las ra\u00edces y obtener unos resultados de lectura \u00f3ptimos. Con instrucciones en espa\u00f1ol e ingl\u00e9s, presentado individualmente en caja de dise\u00f1o kraft.<\/p>","protected":false},"excerpt":{"rendered":"<p>3 Funciones. Higr\u00f3metro, Lux\u00f3metro y Peachimetro<\/p>","protected":false},"featured_media":47718,"comment_status":"open","ping_status":"open","template":"","meta":{"inline_featured_image":false},"product_brand":[],"product_cat":[111],"product_tag":[],"class_list":{"0":"post-47019","1":"product","2":"type-product","3":"status-publish","4":"has-post-thumbnail","6":"product_cat-agricultura","8":"first","9":"instock","10":"taxable","11":"shipping-taxable","12":"purchasable","13":"product-type-variable","14":"has-default-attributes"},"aioseo_notices":[],"_links":{"self":[{"href":"https:\/\/imprimeideas.es\/en\/wp-json\/wp\/v2\/product\/47019","targetHints":{"allow":["GET"]}}],"collection":[{"href":"https:\/\/imprimeideas.es\/en\/wp-json\/wp\/v2\/product"}],"about":[{"href":"https:\/\/imprimeideas.es\/en\/wp-json\/wp\/v2\/types\/product"}],"replies":[{"embeddable":true,"href":"https:\/\/imprimeideas.es\/en\/wp-json\/wp\/v2\/comments?post=47019"}],"version-history":[{"count":1,"href":"https:\/\/imprimeideas.es\/en\/wp-json\/wp\/v2\/product\/47019\/revisions"}],"predecessor-version":[{"id":55970,"href":"https:\/\/imprimeideas.es\/en\/wp-json\/wp\/v2\/product\/47019\/revisions\/55970"}],"wp:featuredmedia":[{"embeddable":true,"href":"https:\/\/imprimeideas.es\/en\/wp-json\/wp\/v2\/media\/47718"}],"wp:attachment":[{"href":"https:\/\/imprimeideas.es\/en\/wp-json\/wp\/v2\/media?parent=47019"}],"wp:term":[{"taxonomy":"product_brand","embeddable":true,"href":"https:\/\/imprimeideas.es\/en\/wp-json\/wp\/v2\/product_brand?post=47019"},{"taxonomy":"product_cat","embeddable":true,"href":"https:\/\/imprimeideas.es\/en\/wp-json\/wp\/v2\/product_cat?post=47019"},{"taxonomy":"product_tag","embeddable":true,"href":"https:\/\/imprimeideas.es\/en\/wp-json\/wp\/v2\/product_tag?post=47019"}],"curies":[{"name":"wp","href":"https:\/\/api.w.org\/{rel}","templated":true}]}}