{"id":47017,"date":"2026-02-24T11:40:49","date_gmt":"2026-02-24T10:40:49","guid":{"rendered":"https:\/\/imprimeideas.es\/?post_type=product&p=47017"},"modified":"2026-02-26T18:33:03","modified_gmt":"2026-02-26T17:33:03","slug":"termometro-tierra-cynex","status":"publish","type":"product","link":"https:\/\/imprimeideas.es\/en\/product\/termometro-tierra-cynex\/","title":{"rendered":"Term\u00f3metro Tierra Cynex"},"content":{"rendered":"<p>Term\u00f3metro para medir la temperatura de la tierra. Con sonda para introducir en la tierra, lectura anal\u00f3gica y rango de temperatura entre 0\u00baC y 80\u00baC. Presentado en caja individual de de dise\u00f1o kraft.<\/p>","protected":false},"excerpt":{"rendered":"<p>Term\u00f3metro para medir la temperatura de la tierra. Con sonda para introducir en la tierra, lectura anal\u00f3gica y rango de<\/p>","protected":false},"featured_media":86209,"comment_status":"open","ping_status":"open","template":"","meta":{"inline_featured_image":false},"product_brand":[],"product_cat":[111],"product_tag":[],"class_list":{"0":"post-47017","1":"product","2":"type-product","3":"status-publish","4":"has-post-thumbnail","6":"product_cat-agricultura","8":"first","9":"instock","10":"taxable","11":"shipping-taxable","12":"purchasable","13":"product-type-variable","14":"has-default-attributes"},"aioseo_notices":[],"_links":{"self":[{"href":"https:\/\/imprimeideas.es\/en\/wp-json\/wp\/v2\/product\/47017","targetHints":{"allow":["GET"]}}],"collection":[{"href":"https:\/\/imprimeideas.es\/en\/wp-json\/wp\/v2\/product"}],"about":[{"href":"https:\/\/imprimeideas.es\/en\/wp-json\/wp\/v2\/types\/product"}],"replies":[{"embeddable":true,"href":"https:\/\/imprimeideas.es\/en\/wp-json\/wp\/v2\/comments?post=47017"}],"version-history":[{"count":1,"href":"https:\/\/imprimeideas.es\/en\/wp-json\/wp\/v2\/product\/47017\/revisions"}],"predecessor-version":[{"id":55969,"href":"https:\/\/imprimeideas.es\/en\/wp-json\/wp\/v2\/product\/47017\/revisions\/55969"}],"wp:featuredmedia":[{"embeddable":true,"href":"https:\/\/imprimeideas.es\/en\/wp-json\/wp\/v2\/media\/86209"}],"wp:attachment":[{"href":"https:\/\/imprimeideas.es\/en\/wp-json\/wp\/v2\/media?parent=47017"}],"wp:term":[{"taxonomy":"product_brand","embeddable":true,"href":"https:\/\/imprimeideas.es\/en\/wp-json\/wp\/v2\/product_brand?post=47017"},{"taxonomy":"product_cat","embeddable":true,"href":"https:\/\/imprimeideas.es\/en\/wp-json\/wp\/v2\/product_cat?post=47017"},{"taxonomy":"product_tag","embeddable":true,"href":"https:\/\/imprimeideas.es\/en\/wp-json\/wp\/v2\/product_tag?post=47017"}],"curies":[{"name":"wp","href":"https:\/\/api.w.org\/{rel}","templated":true}]}}