{"id":47015,"date":"2026-02-24T11:40:49","date_gmt":"2026-02-24T10:40:49","guid":{"rendered":"https:\/\/imprimeideas.es\/?post_type=product&p=47015"},"modified":"2026-02-26T18:42:32","modified_gmt":"2026-02-26T17:42:32","slug":"termometro-dreax","status":"publish","type":"product","link":"https:\/\/imprimeideas.es\/en\/product\/termometro-dreax\/","title":{"rendered":"Term\u00f3metro Dreax"},"content":{"rendered":"<p>Pr\u00e1ctica estaci\u00f3n meteorol\u00f3gica de exterior y para colgar, con dise\u00f1o de caseta. Con pantalla LCD para lectura r\u00e1pida de temperatura m\u00e1xima, media y m\u00ednima. En la parte superior contiene bot\u00f3n de reinicio y bot\u00f3n para elegir entre \u00baC o \u00baF. Inspirador dise\u00f1o de caseta para poder colgar. Alimentado por 2 pilas AAA (no incluidas). Con instrucciones en espa\u00f1ol e ingl\u00e9s. Presentada individualmente en caja de dise\u00f1o kraft.<\/p>","protected":false},"excerpt":{"rendered":"<p>2 Pilas AAA No Incluidas<\/p>","protected":false},"featured_media":61406,"comment_status":"open","ping_status":"open","template":"","meta":{"inline_featured_image":false},"product_brand":[],"product_cat":[111,95],"product_tag":[],"class_list":{"0":"post-47015","1":"product","2":"type-product","3":"status-publish","4":"has-post-thumbnail","6":"product_cat-agricultura","7":"product_cat-tecnologia-y-accesorios","9":"first","10":"instock","11":"taxable","12":"shipping-taxable","13":"purchasable","14":"product-type-variable","15":"has-default-attributes"},"aioseo_notices":[],"_links":{"self":[{"href":"https:\/\/imprimeideas.es\/en\/wp-json\/wp\/v2\/product\/47015","targetHints":{"allow":["GET"]}}],"collection":[{"href":"https:\/\/imprimeideas.es\/en\/wp-json\/wp\/v2\/product"}],"about":[{"href":"https:\/\/imprimeideas.es\/en\/wp-json\/wp\/v2\/types\/product"}],"replies":[{"embeddable":true,"href":"https:\/\/imprimeideas.es\/en\/wp-json\/wp\/v2\/comments?post=47015"}],"version-history":[{"count":1,"href":"https:\/\/imprimeideas.es\/en\/wp-json\/wp\/v2\/product\/47015\/revisions"}],"predecessor-version":[{"id":55968,"href":"https:\/\/imprimeideas.es\/en\/wp-json\/wp\/v2\/product\/47015\/revisions\/55968"}],"wp:featuredmedia":[{"embeddable":true,"href":"https:\/\/imprimeideas.es\/en\/wp-json\/wp\/v2\/media\/61406"}],"wp:attachment":[{"href":"https:\/\/imprimeideas.es\/en\/wp-json\/wp\/v2\/media?parent=47015"}],"wp:term":[{"taxonomy":"product_brand","embeddable":true,"href":"https:\/\/imprimeideas.es\/en\/wp-json\/wp\/v2\/product_brand?post=47015"},{"taxonomy":"product_cat","embeddable":true,"href":"https:\/\/imprimeideas.es\/en\/wp-json\/wp\/v2\/product_cat?post=47015"},{"taxonomy":"product_tag","embeddable":true,"href":"https:\/\/imprimeideas.es\/en\/wp-json\/wp\/v2\/product_tag?post=47015"}],"curies":[{"name":"wp","href":"https:\/\/api.w.org\/{rel}","templated":true}]}}