{"id":47013,"date":"2026-02-24T11:40:49","date_gmt":"2026-02-24T10:40:49","guid":{"rendered":"https:\/\/imprimeideas.es\/?post_type=product&p=47013"},"modified":"2026-02-26T18:33:06","modified_gmt":"2026-02-26T17:33:06","slug":"termometro-jarris","status":"publish","type":"product","link":"https:\/\/imprimeideas.es\/en\/product\/termometro-jarris\/","title":{"rendered":"Term\u00f3metro Jarris"},"content":{"rendered":"<p>Term\u00f3metro digital con sonda met\u00e1lica. \u00d3ptimo para la medici\u00f3n de temperatura en el interior de los objetos gracias a su punz\u00f3n met\u00e1lico. Pr\u00e1ctico mecanismo de plegado para guardarlo de forma segura en cualquier sitio, con anilla e im\u00e1n en la parte trasera. Pantalla LCD, con bot\u00f3n ON\/OFF y posibilidad de medir en grados cent\u00edgrados (C\u00ba) o Fahrenheit (\u00baF). Rango de medici\u00f3n entre -50\u00baC y hasta 300\u00baC, con manual de instrucciones en espa\u00f1ol e ingl\u00e9s. Alimentado por pila de bot\u00f3n (incluida) y presentado individualmente en caja de dise\u00f1o kraft.<\/p>","protected":false},"excerpt":{"rendered":"<p>1 Pila AAA No Incluida<\/p>","protected":false},"featured_media":79658,"comment_status":"open","ping_status":"open","template":"","meta":{"inline_featured_image":false},"product_brand":[],"product_cat":[111],"product_tag":[],"class_list":{"0":"post-47013","1":"product","2":"type-product","3":"status-publish","4":"has-post-thumbnail","6":"product_cat-agricultura","8":"first","9":"instock","10":"taxable","11":"shipping-taxable","12":"purchasable","13":"product-type-variable","14":"has-default-attributes"},"aioseo_notices":[],"_links":{"self":[{"href":"https:\/\/imprimeideas.es\/en\/wp-json\/wp\/v2\/product\/47013","targetHints":{"allow":["GET"]}}],"collection":[{"href":"https:\/\/imprimeideas.es\/en\/wp-json\/wp\/v2\/product"}],"about":[{"href":"https:\/\/imprimeideas.es\/en\/wp-json\/wp\/v2\/types\/product"}],"replies":[{"embeddable":true,"href":"https:\/\/imprimeideas.es\/en\/wp-json\/wp\/v2\/comments?post=47013"}],"version-history":[{"count":1,"href":"https:\/\/imprimeideas.es\/en\/wp-json\/wp\/v2\/product\/47013\/revisions"}],"predecessor-version":[{"id":55967,"href":"https:\/\/imprimeideas.es\/en\/wp-json\/wp\/v2\/product\/47013\/revisions\/55967"}],"wp:featuredmedia":[{"embeddable":true,"href":"https:\/\/imprimeideas.es\/en\/wp-json\/wp\/v2\/media\/79658"}],"wp:attachment":[{"href":"https:\/\/imprimeideas.es\/en\/wp-json\/wp\/v2\/media?parent=47013"}],"wp:term":[{"taxonomy":"product_brand","embeddable":true,"href":"https:\/\/imprimeideas.es\/en\/wp-json\/wp\/v2\/product_brand?post=47013"},{"taxonomy":"product_cat","embeddable":true,"href":"https:\/\/imprimeideas.es\/en\/wp-json\/wp\/v2\/product_cat?post=47013"},{"taxonomy":"product_tag","embeddable":true,"href":"https:\/\/imprimeideas.es\/en\/wp-json\/wp\/v2\/product_tag?post=47013"}],"curies":[{"name":"wp","href":"https:\/\/api.w.org\/{rel}","templated":true}]}}