{"id":47011,"date":"2026-02-24T11:40:49","date_gmt":"2026-02-24T10:40:49","guid":{"rendered":"https:\/\/imprimeideas.es\/?post_type=product&p=47011"},"modified":"2026-02-26T18:03:06","modified_gmt":"2026-02-26T17:03:06","slug":"bascula-niben","status":"publish","type":"product","link":"https:\/\/imprimeideas.es\/en\/product\/bascula-niben\/","title":{"rendered":"B\u00e1scula Niben"},"content":{"rendered":"<p>B\u00e1scula digital de mano port\u00e1til. De dise\u00f1o ergon\u00f3mico para adaptarse a la mano y facilitar la visualizaci\u00f3n de su pantalla LCD. Con bot\u00f3n ON\/OFF, funci\u00f3n TARA, y varias unidades de medida: gramos (g), kilogramos (kg), libras (lb) y onzas (oz). Con gancho met\u00e1lico para facilitar el pesaje de diversos objetos y un peso m\u00e1ximo de 50kg. Incluye instrucciones en espa\u00f1ol e ingl\u00e9s y est\u00e1 alimentada por 2 pilas AAA (no incluidas). Presentada individualmente en caja de dise\u00f1o kraft.<\/p>","protected":false},"excerpt":{"rendered":"<p>Max 50 Kg. 2 Pilas AAA No Incluidas<\/p>","protected":false},"featured_media":81342,"comment_status":"open","ping_status":"open","template":"","meta":{"inline_featured_image":false},"product_brand":[],"product_cat":[111],"product_tag":[],"class_list":{"0":"post-47011","1":"product","2":"type-product","3":"status-publish","4":"has-post-thumbnail","6":"product_cat-agricultura","8":"first","9":"instock","10":"taxable","11":"shipping-taxable","12":"purchasable","13":"product-type-variable","14":"has-default-attributes"},"aioseo_notices":[],"_links":{"self":[{"href":"https:\/\/imprimeideas.es\/en\/wp-json\/wp\/v2\/product\/47011","targetHints":{"allow":["GET"]}}],"collection":[{"href":"https:\/\/imprimeideas.es\/en\/wp-json\/wp\/v2\/product"}],"about":[{"href":"https:\/\/imprimeideas.es\/en\/wp-json\/wp\/v2\/types\/product"}],"replies":[{"embeddable":true,"href":"https:\/\/imprimeideas.es\/en\/wp-json\/wp\/v2\/comments?post=47011"}],"version-history":[{"count":1,"href":"https:\/\/imprimeideas.es\/en\/wp-json\/wp\/v2\/product\/47011\/revisions"}],"predecessor-version":[{"id":55966,"href":"https:\/\/imprimeideas.es\/en\/wp-json\/wp\/v2\/product\/47011\/revisions\/55966"}],"wp:featuredmedia":[{"embeddable":true,"href":"https:\/\/imprimeideas.es\/en\/wp-json\/wp\/v2\/media\/81342"}],"wp:attachment":[{"href":"https:\/\/imprimeideas.es\/en\/wp-json\/wp\/v2\/media?parent=47011"}],"wp:term":[{"taxonomy":"product_brand","embeddable":true,"href":"https:\/\/imprimeideas.es\/en\/wp-json\/wp\/v2\/product_brand?post=47011"},{"taxonomy":"product_cat","embeddable":true,"href":"https:\/\/imprimeideas.es\/en\/wp-json\/wp\/v2\/product_cat?post=47011"},{"taxonomy":"product_tag","embeddable":true,"href":"https:\/\/imprimeideas.es\/en\/wp-json\/wp\/v2\/product_tag?post=47011"}],"curies":[{"name":"wp","href":"https:\/\/api.w.org\/{rel}","templated":true}]}}