{"id":47009,"date":"2026-02-24T11:40:48","date_gmt":"2026-02-24T10:40:48","guid":{"rendered":"https:\/\/imprimeideas.es\/?post_type=product&p=47009"},"modified":"2026-02-26T18:28:04","modified_gmt":"2026-02-26T17:28:04","slug":"bascula-medidora-plazix","status":"publish","type":"product","link":"https:\/\/imprimeideas.es\/en\/product\/bascula-medidora-plazix\/","title":{"rendered":"B\u00e1scula Medidora Plazix"},"content":{"rendered":"<p>B\u00e1scula con jarra medidora integrada, fabricada en resistente combinaci\u00f3n de PP y ABS. Pantalla LCD con control por botones y funci\u00f3n de tara, con capacidad m\u00e1xima para 5 kg de peso y v\u00e1lida para medir elementos l\u00edquidos o s\u00f3lidos.Incluye Jarra medidora de 1L de capacidad, con multitud de opciones y vertedor para evitar derrames:-1L, con medidor lateral en tramos de 50 ml.-32 oz, con medidor lateral en tramos de 2 oz. -Medici\u00f3n r\u00e1pida en volumen de tazas.Funciona con pila de bot\u00f3n (incluida) y viene presentada individualmente en caja.<\/p>","protected":false},"excerpt":{"rendered":"<p>1 L. Max 5 Kg. Pila Bot\u00f3n Incluida<\/p>","protected":false},"featured_media":75705,"comment_status":"open","ping_status":"open","template":"","meta":{"inline_featured_image":false},"product_brand":[],"product_cat":[111],"product_tag":[],"class_list":{"0":"post-47009","1":"product","2":"type-product","3":"status-publish","4":"has-post-thumbnail","6":"product_cat-agricultura","8":"first","9":"instock","10":"taxable","11":"shipping-taxable","12":"purchasable","13":"product-type-variable","14":"has-default-attributes"},"aioseo_notices":[],"_links":{"self":[{"href":"https:\/\/imprimeideas.es\/en\/wp-json\/wp\/v2\/product\/47009","targetHints":{"allow":["GET"]}}],"collection":[{"href":"https:\/\/imprimeideas.es\/en\/wp-json\/wp\/v2\/product"}],"about":[{"href":"https:\/\/imprimeideas.es\/en\/wp-json\/wp\/v2\/types\/product"}],"replies":[{"embeddable":true,"href":"https:\/\/imprimeideas.es\/en\/wp-json\/wp\/v2\/comments?post=47009"}],"version-history":[{"count":1,"href":"https:\/\/imprimeideas.es\/en\/wp-json\/wp\/v2\/product\/47009\/revisions"}],"predecessor-version":[{"id":55965,"href":"https:\/\/imprimeideas.es\/en\/wp-json\/wp\/v2\/product\/47009\/revisions\/55965"}],"wp:featuredmedia":[{"embeddable":true,"href":"https:\/\/imprimeideas.es\/en\/wp-json\/wp\/v2\/media\/75705"}],"wp:attachment":[{"href":"https:\/\/imprimeideas.es\/en\/wp-json\/wp\/v2\/media?parent=47009"}],"wp:term":[{"taxonomy":"product_brand","embeddable":true,"href":"https:\/\/imprimeideas.es\/en\/wp-json\/wp\/v2\/product_brand?post=47009"},{"taxonomy":"product_cat","embeddable":true,"href":"https:\/\/imprimeideas.es\/en\/wp-json\/wp\/v2\/product_cat?post=47009"},{"taxonomy":"product_tag","embeddable":true,"href":"https:\/\/imprimeideas.es\/en\/wp-json\/wp\/v2\/product_tag?post=47009"}],"curies":[{"name":"wp","href":"https:\/\/api.w.org\/{rel}","templated":true}]}}