{"id":47007,"date":"2026-02-24T11:40:48","date_gmt":"2026-02-24T10:40:48","guid":{"rendered":"https:\/\/imprimeideas.es\/?post_type=product&p=47007"},"modified":"2026-02-26T18:13:47","modified_gmt":"2026-02-26T17:13:47","slug":"bascula-cuchara-langek","status":"publish","type":"product","link":"https:\/\/imprimeideas.es\/en\/product\/bascula-cuchara-langek\/","title":{"rendered":"B\u00e1scula Cuchara Langek"},"content":{"rendered":"<p>Pr\u00e1ctica b\u00e1scula digital con cuchara, v\u00e1lida para l\u00edquidos y s\u00f3lidos. Incluye 2 cucharas intercambiables y pantalla digital LCD situada en el mango, mostrando el pesaje con una precisi\u00f3n de 0,1g. Bot\u00f3n para mostrar el peso en gramos (g), onzas (oz), o mililitros ( ml), con funci\u00f3n de memoria y posibilidad de pesar dos ingredientes. Ambas cucharas llevan grabada una escala de medici\u00f3n adicional para l\u00edquidos: la cuchara peque\u00f1a desde 5 ml hasta 25 ml; y la cuchara grande desde 10 ml hasta 50 ml. Con manual de instrucciones en espa\u00f1ol e ingl\u00e9s. Alimentada por pila de bot\u00f3n (incluida) y presentada individualmente en caja de dise\u00f1o kraft.<\/p>","protected":false},"excerpt":{"rendered":"<p>2 Accessorios 50 ml y 25 ml. Max 300 g. Pila Bot\u00f3n Incluida<\/p>","protected":false},"featured_media":74872,"comment_status":"open","ping_status":"open","template":"","meta":{"inline_featured_image":false},"product_brand":[],"product_cat":[111],"product_tag":[],"class_list":{"0":"post-47007","1":"product","2":"type-product","3":"status-publish","4":"has-post-thumbnail","6":"product_cat-agricultura","8":"first","9":"instock","10":"taxable","11":"shipping-taxable","12":"purchasable","13":"product-type-variable","14":"has-default-attributes"},"aioseo_notices":[],"_links":{"self":[{"href":"https:\/\/imprimeideas.es\/en\/wp-json\/wp\/v2\/product\/47007","targetHints":{"allow":["GET"]}}],"collection":[{"href":"https:\/\/imprimeideas.es\/en\/wp-json\/wp\/v2\/product"}],"about":[{"href":"https:\/\/imprimeideas.es\/en\/wp-json\/wp\/v2\/types\/product"}],"replies":[{"embeddable":true,"href":"https:\/\/imprimeideas.es\/en\/wp-json\/wp\/v2\/comments?post=47007"}],"version-history":[{"count":1,"href":"https:\/\/imprimeideas.es\/en\/wp-json\/wp\/v2\/product\/47007\/revisions"}],"predecessor-version":[{"id":55964,"href":"https:\/\/imprimeideas.es\/en\/wp-json\/wp\/v2\/product\/47007\/revisions\/55964"}],"wp:featuredmedia":[{"embeddable":true,"href":"https:\/\/imprimeideas.es\/en\/wp-json\/wp\/v2\/media\/74872"}],"wp:attachment":[{"href":"https:\/\/imprimeideas.es\/en\/wp-json\/wp\/v2\/media?parent=47007"}],"wp:term":[{"taxonomy":"product_brand","embeddable":true,"href":"https:\/\/imprimeideas.es\/en\/wp-json\/wp\/v2\/product_brand?post=47007"},{"taxonomy":"product_cat","embeddable":true,"href":"https:\/\/imprimeideas.es\/en\/wp-json\/wp\/v2\/product_cat?post=47007"},{"taxonomy":"product_tag","embeddable":true,"href":"https:\/\/imprimeideas.es\/en\/wp-json\/wp\/v2\/product_tag?post=47007"}],"curies":[{"name":"wp","href":"https:\/\/api.w.org\/{rel}","templated":true}]}}