{"id":47003,"date":"2026-02-24T11:40:48","date_gmt":"2026-02-24T10:40:48","guid":{"rendered":"https:\/\/imprimeideas.es\/?post_type=product&p=47003"},"modified":"2026-02-26T18:03:13","modified_gmt":"2026-02-26T17:03:13","slug":"navaja-sacacorchos-sparq","status":"publish","type":"product","link":"https:\/\/imprimeideas.es\/en\/product\/navaja-sacacorchos-sparq\/","title":{"rendered":"Navaja Sacacorchos Sparq"},"content":{"rendered":"<p>Navaja fabricada en resistente acero inox, con mango ergon\u00f3mico fabricado en madera natural lacada y sacacorchos integrado. La aleaci\u00f3n de la hoja garantiza resistencia a la corrosi\u00f3n y abrasi\u00f3n, siendo ideal para el uso frecuente con materiales duros. La hoja es de tipo punta de aguja, que se caracteriza por su forma puntiaguda, con la parte superior recta. Presentada individualmente en caja de dise\u00f1o kraft.<\/p>","protected":false},"excerpt":{"rendered":"<p>Navaja fabricada en resistente acero inox, con mango ergon\u00f3mico fabricado en madera natural lacada y sacacorchos integrado. La aleaci\u00f3n de<\/p>","protected":false},"featured_media":72958,"comment_status":"open","ping_status":"open","template":"","meta":{"inline_featured_image":false},"product_brand":[],"product_cat":[111,122],"product_tag":[],"class_list":{"0":"post-47003","1":"product","2":"type-product","3":"status-publish","4":"has-post-thumbnail","6":"product_cat-agricultura","7":"product_cat-articulos-sostenibles","9":"first","10":"instock","11":"taxable","12":"shipping-taxable","13":"purchasable","14":"product-type-variable","15":"has-default-attributes"},"aioseo_notices":[],"_links":{"self":[{"href":"https:\/\/imprimeideas.es\/en\/wp-json\/wp\/v2\/product\/47003","targetHints":{"allow":["GET"]}}],"collection":[{"href":"https:\/\/imprimeideas.es\/en\/wp-json\/wp\/v2\/product"}],"about":[{"href":"https:\/\/imprimeideas.es\/en\/wp-json\/wp\/v2\/types\/product"}],"replies":[{"embeddable":true,"href":"https:\/\/imprimeideas.es\/en\/wp-json\/wp\/v2\/comments?post=47003"}],"version-history":[{"count":1,"href":"https:\/\/imprimeideas.es\/en\/wp-json\/wp\/v2\/product\/47003\/revisions"}],"predecessor-version":[{"id":55962,"href":"https:\/\/imprimeideas.es\/en\/wp-json\/wp\/v2\/product\/47003\/revisions\/55962"}],"wp:featuredmedia":[{"embeddable":true,"href":"https:\/\/imprimeideas.es\/en\/wp-json\/wp\/v2\/media\/72958"}],"wp:attachment":[{"href":"https:\/\/imprimeideas.es\/en\/wp-json\/wp\/v2\/media?parent=47003"}],"wp:term":[{"taxonomy":"product_brand","embeddable":true,"href":"https:\/\/imprimeideas.es\/en\/wp-json\/wp\/v2\/product_brand?post=47003"},{"taxonomy":"product_cat","embeddable":true,"href":"https:\/\/imprimeideas.es\/en\/wp-json\/wp\/v2\/product_cat?post=47003"},{"taxonomy":"product_tag","embeddable":true,"href":"https:\/\/imprimeideas.es\/en\/wp-json\/wp\/v2\/product_tag?post=47003"}],"curies":[{"name":"wp","href":"https:\/\/api.w.org\/{rel}","templated":true}]}}