{"id":46996,"date":"2026-02-24T11:40:47","date_gmt":"2026-02-24T10:40:47","guid":{"rendered":"https:\/\/imprimeideas.es\/?post_type=product&p=46996"},"modified":"2026-02-26T18:37:29","modified_gmt":"2026-02-26T17:37:29","slug":"navaja-mulsen","status":"publish","type":"product","link":"https:\/\/imprimeideas.es\/en\/product\/navaja-mulsen\/","title":{"rendered":"Navaja Mulsen"},"content":{"rendered":"<p>Navaja fabricada en resistente acero inox, con mango ergon\u00f3mico fabricado en resistente ABS. La aleaci\u00f3n de la hoja garantiza resistencia a la corrosi\u00f3n y abrasi\u00f3n, siendo ideal para el uso frecuente con materiales duros. La hoja es de tipo punta de espada, que se caracteriza por su forma recta, con una peque\u00f1a curvatura en la punta. Presentada individualmente en caja de dise\u00f1o kraft.<\/p>","protected":false},"excerpt":{"rendered":"<p>Navaja fabricada en resistente acero inox, con mango ergon\u00f3mico fabricado en resistente ABS. La aleaci\u00f3n de la hoja garantiza resistencia<\/p>","protected":false},"featured_media":85408,"comment_status":"open","ping_status":"open","template":"","meta":{"inline_featured_image":false},"product_brand":[],"product_cat":[111],"product_tag":[],"class_list":{"0":"post-46996","1":"product","2":"type-product","3":"status-publish","4":"has-post-thumbnail","6":"product_cat-agricultura","8":"first","9":"instock","10":"taxable","11":"shipping-taxable","12":"purchasable","13":"product-type-variable","14":"has-default-attributes"},"aioseo_notices":[],"_links":{"self":[{"href":"https:\/\/imprimeideas.es\/en\/wp-json\/wp\/v2\/product\/46996","targetHints":{"allow":["GET"]}}],"collection":[{"href":"https:\/\/imprimeideas.es\/en\/wp-json\/wp\/v2\/product"}],"about":[{"href":"https:\/\/imprimeideas.es\/en\/wp-json\/wp\/v2\/types\/product"}],"replies":[{"embeddable":true,"href":"https:\/\/imprimeideas.es\/en\/wp-json\/wp\/v2\/comments?post=46996"}],"version-history":[{"count":1,"href":"https:\/\/imprimeideas.es\/en\/wp-json\/wp\/v2\/product\/46996\/revisions"}],"predecessor-version":[{"id":55960,"href":"https:\/\/imprimeideas.es\/en\/wp-json\/wp\/v2\/product\/46996\/revisions\/55960"}],"wp:featuredmedia":[{"embeddable":true,"href":"https:\/\/imprimeideas.es\/en\/wp-json\/wp\/v2\/media\/85408"}],"wp:attachment":[{"href":"https:\/\/imprimeideas.es\/en\/wp-json\/wp\/v2\/media?parent=46996"}],"wp:term":[{"taxonomy":"product_brand","embeddable":true,"href":"https:\/\/imprimeideas.es\/en\/wp-json\/wp\/v2\/product_brand?post=46996"},{"taxonomy":"product_cat","embeddable":true,"href":"https:\/\/imprimeideas.es\/en\/wp-json\/wp\/v2\/product_cat?post=46996"},{"taxonomy":"product_tag","embeddable":true,"href":"https:\/\/imprimeideas.es\/en\/wp-json\/wp\/v2\/product_tag?post=46996"}],"curies":[{"name":"wp","href":"https:\/\/api.w.org\/{rel}","templated":true}]}}