{"id":46994,"date":"2026-02-24T11:40:46","date_gmt":"2026-02-24T10:40:46","guid":{"rendered":"https:\/\/imprimeideas.es\/?post_type=product&p=46994"},"modified":"2026-02-26T18:08:15","modified_gmt":"2026-02-26T17:08:15","slug":"navaja-terral","status":"publish","type":"product","link":"https:\/\/imprimeideas.es\/en\/product\/navaja-terral\/","title":{"rendered":"Navaja Terral"},"content":{"rendered":"<p>Navaja fabricada en resistente acero inox, con mango ergon\u00f3mico fabricado en madera natural lacada y con anilla met\u00e1lica de bloqueo. La aleaci\u00f3n de la hoja garantiza resistencia a la corrosi\u00f3n y abrasi\u00f3n, siendo ideal para el uso frecuente con materiales duros. La hoja es de tipo spear, que se caracteriza por su forma de gota y destaca por su versatilidad a la hora de usarla. Presentada individualmente en caja blanca.<\/p>","protected":false},"excerpt":{"rendered":"<p>Con Bloqueo<\/p>","protected":false},"featured_media":82158,"comment_status":"open","ping_status":"open","template":"","meta":{"inline_featured_image":false},"product_brand":[],"product_cat":[111,122],"product_tag":[],"class_list":{"0":"post-46994","1":"product","2":"type-product","3":"status-publish","4":"has-post-thumbnail","6":"product_cat-agricultura","7":"product_cat-articulos-sostenibles","9":"first","10":"instock","11":"taxable","12":"shipping-taxable","13":"purchasable","14":"product-type-variable","15":"has-default-attributes"},"aioseo_notices":[],"_links":{"self":[{"href":"https:\/\/imprimeideas.es\/en\/wp-json\/wp\/v2\/product\/46994","targetHints":{"allow":["GET"]}}],"collection":[{"href":"https:\/\/imprimeideas.es\/en\/wp-json\/wp\/v2\/product"}],"about":[{"href":"https:\/\/imprimeideas.es\/en\/wp-json\/wp\/v2\/types\/product"}],"replies":[{"embeddable":true,"href":"https:\/\/imprimeideas.es\/en\/wp-json\/wp\/v2\/comments?post=46994"}],"version-history":[{"count":1,"href":"https:\/\/imprimeideas.es\/en\/wp-json\/wp\/v2\/product\/46994\/revisions"}],"predecessor-version":[{"id":55959,"href":"https:\/\/imprimeideas.es\/en\/wp-json\/wp\/v2\/product\/46994\/revisions\/55959"}],"wp:featuredmedia":[{"embeddable":true,"href":"https:\/\/imprimeideas.es\/en\/wp-json\/wp\/v2\/media\/82158"}],"wp:attachment":[{"href":"https:\/\/imprimeideas.es\/en\/wp-json\/wp\/v2\/media?parent=46994"}],"wp:term":[{"taxonomy":"product_brand","embeddable":true,"href":"https:\/\/imprimeideas.es\/en\/wp-json\/wp\/v2\/product_brand?post=46994"},{"taxonomy":"product_cat","embeddable":true,"href":"https:\/\/imprimeideas.es\/en\/wp-json\/wp\/v2\/product_cat?post=46994"},{"taxonomy":"product_tag","embeddable":true,"href":"https:\/\/imprimeideas.es\/en\/wp-json\/wp\/v2\/product_tag?post=46994"}],"curies":[{"name":"wp","href":"https:\/\/api.w.org\/{rel}","templated":true}]}}