{"id":46978,"date":"2026-02-24T11:40:44","date_gmt":"2026-02-24T10:40:44","guid":{"rendered":"https:\/\/imprimeideas.es\/?post_type=product&p=46978"},"modified":"2026-02-26T18:08:21","modified_gmt":"2026-02-26T17:08:21","slug":"proyector-heroux","status":"publish","type":"product","link":"https:\/\/imprimeideas.es\/en\/product\/proyector-heroux\/","title":{"rendered":"Proyector Heroux"},"content":{"rendered":"<p>Proyector con conectividad bluetooth y WiFi que proporciona una fant\u00e1stica experiencia audiovisual. Fabricado en resistente ABS de color negro, con regulador de enfoque y \u00e1ngulo para un \u00f3ptimo visionado. Saca una potencia de 7.000 l\u00famenes, con resoluci\u00f3n 720p, e incorpora un potente altavoz de 5W. Adem\u00e1s, cuenta con multitud de conexiones: 3xHDMI (1 conector macho + 2 conectores hembra), conexi\u00f3n USB, salida de audio jack de 3,5 mm y entrada de audio jack de 3,5 mm. Con ranura para tarjetas de memoria Micro SD y mando a distancia para un c\u00f3modo y f\u00e1cil manejo del dispositivo. Incluye cable de alimentaci\u00f3n CA 220V-240V y viene presentado en caja de dise\u00f1o kraft.<\/p>","protected":false},"excerpt":{"rendered":"<p>720P. Wifi. Conexi\u00f3n Bluetooth. Potencia Sonido 5W. 7000 L\u00famenes. CA 220-240V<\/p>","protected":false},"featured_media":82881,"comment_status":"open","ping_status":"open","template":"","meta":{"inline_featured_image":false},"product_brand":[],"product_cat":[96,95],"product_tag":[],"class_list":{"0":"post-46978","1":"product","2":"type-product","3":"status-publish","4":"has-post-thumbnail","6":"product_cat-oficina-y-negocios","7":"product_cat-tecnologia-y-accesorios","9":"first","10":"instock","11":"taxable","12":"shipping-taxable","13":"purchasable","14":"product-type-variable","15":"has-default-attributes"},"aioseo_notices":[],"_links":{"self":[{"href":"https:\/\/imprimeideas.es\/en\/wp-json\/wp\/v2\/product\/46978","targetHints":{"allow":["GET"]}}],"collection":[{"href":"https:\/\/imprimeideas.es\/en\/wp-json\/wp\/v2\/product"}],"about":[{"href":"https:\/\/imprimeideas.es\/en\/wp-json\/wp\/v2\/types\/product"}],"replies":[{"embeddable":true,"href":"https:\/\/imprimeideas.es\/en\/wp-json\/wp\/v2\/comments?post=46978"}],"version-history":[{"count":1,"href":"https:\/\/imprimeideas.es\/en\/wp-json\/wp\/v2\/product\/46978\/revisions"}],"predecessor-version":[{"id":55955,"href":"https:\/\/imprimeideas.es\/en\/wp-json\/wp\/v2\/product\/46978\/revisions\/55955"}],"wp:featuredmedia":[{"embeddable":true,"href":"https:\/\/imprimeideas.es\/en\/wp-json\/wp\/v2\/media\/82881"}],"wp:attachment":[{"href":"https:\/\/imprimeideas.es\/en\/wp-json\/wp\/v2\/media?parent=46978"}],"wp:term":[{"taxonomy":"product_brand","embeddable":true,"href":"https:\/\/imprimeideas.es\/en\/wp-json\/wp\/v2\/product_brand?post=46978"},{"taxonomy":"product_cat","embeddable":true,"href":"https:\/\/imprimeideas.es\/en\/wp-json\/wp\/v2\/product_cat?post=46978"},{"taxonomy":"product_tag","embeddable":true,"href":"https:\/\/imprimeideas.es\/en\/wp-json\/wp\/v2\/product_tag?post=46978"}],"curies":[{"name":"wp","href":"https:\/\/api.w.org\/{rel}","templated":true}]}}