{"id":46950,"date":"2026-02-24T11:40:41","date_gmt":"2026-02-24T10:40:41","guid":{"rendered":"https:\/\/imprimeideas.es\/?post_type=product&p=46950"},"modified":"2026-02-26T18:19:12","modified_gmt":"2026-02-26T17:19:12","slug":"memoria-usb-brounik-16gb","status":"publish","type":"product","link":"https:\/\/imprimeideas.es\/en\/product\/memoria-usb-brounik-16gb\/","title":{"rendered":"Memoria USB Brounik 16GB"},"content":{"rendered":"<p>Memoria USB de 16GB de capacidad. Fabricada en ca\u00f1a de trigo, con clip giratorio a juego y disponible en variada gama de colores. Presentada en estuche individual de dise\u00f1o eco, fabricado en ca\u00f1a de trigo de acabado natural y con interior troquelado.La ca\u00f1a de trigo fomenta la utilizaci\u00f3n de materias primas naturales, reduciendo as\u00ed las emisiones contaminantes.<\/p>","protected":false},"excerpt":{"rendered":"<p>Memoria USB de 16GB de capacidad. Fabricada en ca\u00f1a de trigo, con clip giratorio a juego y disponible en variada<\/p>","protected":false},"featured_media":75964,"comment_status":"open","ping_status":"open","template":"","meta":{"inline_featured_image":false},"product_brand":[],"product_cat":[122,95,787],"product_tag":[],"class_list":{"0":"post-46950","1":"product","2":"type-product","3":"status-publish","4":"has-post-thumbnail","6":"product_cat-articulos-sostenibles","7":"product_cat-tecnologia-y-accesorios","8":"product_cat-usb-stock","10":"first","11":"instock","12":"taxable","13":"shipping-taxable","14":"purchasable","15":"product-type-variable","16":"has-default-attributes"},"aioseo_notices":[],"_links":{"self":[{"href":"https:\/\/imprimeideas.es\/en\/wp-json\/wp\/v2\/product\/46950","targetHints":{"allow":["GET"]}}],"collection":[{"href":"https:\/\/imprimeideas.es\/en\/wp-json\/wp\/v2\/product"}],"about":[{"href":"https:\/\/imprimeideas.es\/en\/wp-json\/wp\/v2\/types\/product"}],"replies":[{"embeddable":true,"href":"https:\/\/imprimeideas.es\/en\/wp-json\/wp\/v2\/comments?post=46950"}],"version-history":[{"count":1,"href":"https:\/\/imprimeideas.es\/en\/wp-json\/wp\/v2\/product\/46950\/revisions"}],"predecessor-version":[{"id":55945,"href":"https:\/\/imprimeideas.es\/en\/wp-json\/wp\/v2\/product\/46950\/revisions\/55945"}],"wp:featuredmedia":[{"embeddable":true,"href":"https:\/\/imprimeideas.es\/en\/wp-json\/wp\/v2\/media\/75964"}],"wp:attachment":[{"href":"https:\/\/imprimeideas.es\/en\/wp-json\/wp\/v2\/media?parent=46950"}],"wp:term":[{"taxonomy":"product_brand","embeddable":true,"href":"https:\/\/imprimeideas.es\/en\/wp-json\/wp\/v2\/product_brand?post=46950"},{"taxonomy":"product_cat","embeddable":true,"href":"https:\/\/imprimeideas.es\/en\/wp-json\/wp\/v2\/product_cat?post=46950"},{"taxonomy":"product_tag","embeddable":true,"href":"https:\/\/imprimeideas.es\/en\/wp-json\/wp\/v2\/product_tag?post=46950"}],"curies":[{"name":"wp","href":"https:\/\/api.w.org\/{rel}","templated":true}]}}