{"id":46943,"date":"2026-02-24T11:40:40","date_gmt":"2026-02-24T10:40:40","guid":{"rendered":"https:\/\/imprimeideas.es\/?post_type=product&p=46943"},"modified":"2026-02-26T18:37:26","modified_gmt":"2026-02-26T17:37:26","slug":"memoria-usb-narvik-16gb","status":"publish","type":"product","link":"https:\/\/imprimeideas.es\/en\/product\/memoria-usb-narvik-16gb\/","title":{"rendered":"Memoria USB Narvik 16GB"},"content":{"rendered":"<p>Memoria USB de 16GB de capacidad fabricada en bamb\u00fa. Presentada en atractiva caja de dise\u00f1o kraft.Materiales como el bamb\u00fa fomentan la utilizaci\u00f3n de materias primas naturales, reduciendo las emisiones contaminantes. Proviene de una planta de gran resistencia y versatilidad, con crecimiento y regeneraci\u00f3n r\u00e1pidos, siendo una excelente alternativa al uso de madera tradicional.<\/p>","protected":false},"excerpt":{"rendered":"<p>Memoria USB de 16GB de capacidad fabricada en bamb\u00fa. Presentada en atractiva caja de dise\u00f1o kraft.Materiales como el bamb\u00fa fomentan<\/p>","protected":false},"featured_media":75905,"comment_status":"open","ping_status":"open","template":"","meta":{"inline_featured_image":false},"product_brand":[],"product_cat":[122,95,787],"product_tag":[],"class_list":{"0":"post-46943","1":"product","2":"type-product","3":"status-publish","4":"has-post-thumbnail","6":"product_cat-articulos-sostenibles","7":"product_cat-tecnologia-y-accesorios","8":"product_cat-usb-stock","10":"first","11":"outofstock","12":"taxable","13":"shipping-taxable","14":"purchasable","15":"product-type-variable","16":"has-default-attributes"},"aioseo_notices":[],"_links":{"self":[{"href":"https:\/\/imprimeideas.es\/en\/wp-json\/wp\/v2\/product\/46943","targetHints":{"allow":["GET"]}}],"collection":[{"href":"https:\/\/imprimeideas.es\/en\/wp-json\/wp\/v2\/product"}],"about":[{"href":"https:\/\/imprimeideas.es\/en\/wp-json\/wp\/v2\/types\/product"}],"replies":[{"embeddable":true,"href":"https:\/\/imprimeideas.es\/en\/wp-json\/wp\/v2\/comments?post=46943"}],"version-history":[{"count":1,"href":"https:\/\/imprimeideas.es\/en\/wp-json\/wp\/v2\/product\/46943\/revisions"}],"predecessor-version":[{"id":55942,"href":"https:\/\/imprimeideas.es\/en\/wp-json\/wp\/v2\/product\/46943\/revisions\/55942"}],"wp:featuredmedia":[{"embeddable":true,"href":"https:\/\/imprimeideas.es\/en\/wp-json\/wp\/v2\/media\/75905"}],"wp:attachment":[{"href":"https:\/\/imprimeideas.es\/en\/wp-json\/wp\/v2\/media?parent=46943"}],"wp:term":[{"taxonomy":"product_brand","embeddable":true,"href":"https:\/\/imprimeideas.es\/en\/wp-json\/wp\/v2\/product_brand?post=46943"},{"taxonomy":"product_cat","embeddable":true,"href":"https:\/\/imprimeideas.es\/en\/wp-json\/wp\/v2\/product_cat?post=46943"},{"taxonomy":"product_tag","embeddable":true,"href":"https:\/\/imprimeideas.es\/en\/wp-json\/wp\/v2\/product_tag?post=46943"}],"curies":[{"name":"wp","href":"https:\/\/api.w.org\/{rel}","templated":true}]}}