{"id":46934,"date":"2026-02-24T11:40:39","date_gmt":"2026-02-24T10:40:39","guid":{"rendered":"https:\/\/imprimeideas.es\/?post_type=product&p=46934"},"modified":"2026-02-26T18:19:37","modified_gmt":"2026-02-26T17:19:37","slug":"cargador-sucrep","status":"publish","type":"product","link":"https:\/\/imprimeideas.es\/en\/product\/cargador-sucrep\/","title":{"rendered":"Cargador Sucrep"},"content":{"rendered":"<p>Cargador inal\u00e1mbrico 15W y forma cuadrada. Con superficie de carga en material reciclado a partir de cartones de leche y base fabricada en bamb\u00fa, compatible con dispositivos equipados con tecnolog\u00eda de carga inal\u00e1mbrica Qi. Cable cargador Tipo C incluido, con logotipo cartones de leche reciclados en base de carga. Base de bamb\u00fa antideslizante y presentado en caja individual de dise\u00f1o kraft. Con manual de instrucciones en espa\u00f1ol e ingl\u00e9s.Los cartones de leche se componen en su mayor parte de cart\u00f3n y aluminio. Durante su proceso de reciclado, se separan los distintos materiales del envase para su reutilizaci\u00f3n y nuevo uso, contribuyendo as\u00ed a recorrer el camino infinito de la econom\u00eda circular. Este material se caracteriza por su alto grado de reciclabilidad, as\u00ed como por su ligereza y resistencia.Materiales como el bamb\u00fa fomentan la utilizaci\u00f3n de materias primas naturales, reduciendo las emisiones contaminantes. Proviene de una planta de gran resistencia y versatilidad, con crecimiento y regeneraci\u00f3n r\u00e1pidos, siendo una excelente alternativa al uso de madera tradicional.Fabricado conforme a los est\u00e1ndares RoHS y en cumplimiento con los siguientes requisitos de seguridad:Sistema de protecci\u00f3n contra sobrecalentamiento.Sistema de protecci\u00f3n contra sobrecarga.Sistema de bloqueo para evitar cortocircuitos.<\/p>","protected":false},"excerpt":{"rendered":"<p>Inal\u00e1mbrico 15W. 1 Salida USB y 1 Salida Tipo C<\/p>","protected":false},"featured_media":70181,"comment_status":"open","ping_status":"open","template":"","meta":{"inline_featured_image":false},"product_brand":[],"product_cat":[122,95],"product_tag":[],"class_list":{"0":"post-46934","1":"product","2":"type-product","3":"status-publish","4":"has-post-thumbnail","6":"product_cat-articulos-sostenibles","7":"product_cat-tecnologia-y-accesorios","9":"first","10":"outofstock","11":"taxable","12":"shipping-taxable","13":"purchasable","14":"product-type-variable","15":"has-default-attributes"},"aioseo_notices":[],"_links":{"self":[{"href":"https:\/\/imprimeideas.es\/en\/wp-json\/wp\/v2\/product\/46934","targetHints":{"allow":["GET"]}}],"collection":[{"href":"https:\/\/imprimeideas.es\/en\/wp-json\/wp\/v2\/product"}],"about":[{"href":"https:\/\/imprimeideas.es\/en\/wp-json\/wp\/v2\/types\/product"}],"replies":[{"embeddable":true,"href":"https:\/\/imprimeideas.es\/en\/wp-json\/wp\/v2\/comments?post=46934"}],"version-history":[{"count":1,"href":"https:\/\/imprimeideas.es\/en\/wp-json\/wp\/v2\/product\/46934\/revisions"}],"predecessor-version":[{"id":55938,"href":"https:\/\/imprimeideas.es\/en\/wp-json\/wp\/v2\/product\/46934\/revisions\/55938"}],"wp:featuredmedia":[{"embeddable":true,"href":"https:\/\/imprimeideas.es\/en\/wp-json\/wp\/v2\/media\/70181"}],"wp:attachment":[{"href":"https:\/\/imprimeideas.es\/en\/wp-json\/wp\/v2\/media?parent=46934"}],"wp:term":[{"taxonomy":"product_brand","embeddable":true,"href":"https:\/\/imprimeideas.es\/en\/wp-json\/wp\/v2\/product_brand?post=46934"},{"taxonomy":"product_cat","embeddable":true,"href":"https:\/\/imprimeideas.es\/en\/wp-json\/wp\/v2\/product_cat?post=46934"},{"taxonomy":"product_tag","embeddable":true,"href":"https:\/\/imprimeideas.es\/en\/wp-json\/wp\/v2\/product_tag?post=46934"}],"curies":[{"name":"wp","href":"https:\/\/api.w.org\/{rel}","templated":true}]}}