{"id":46928,"date":"2026-02-24T11:40:39","date_gmt":"2026-02-24T10:40:39","guid":{"rendered":"https:\/\/imprimeideas.es\/?post_type=product&p=46928"},"modified":"2026-02-26T18:33:06","modified_gmt":"2026-02-26T17:33:06","slug":"cargador-eliot","status":"publish","type":"product","link":"https:\/\/imprimeideas.es\/en\/product\/cargador-eliot\/","title":{"rendered":"Cargador Eliot"},"content":{"rendered":"<p>Completo conjunto de cargador inal\u00e1mbrico 15W y cables cargadores. Fabricado en bamb\u00fa pulido, en un original dise\u00f1o de estuche con cargador inal\u00e1mbrico integrado en la tapa y una base troquelada, que incluye un completo set de cables y adaptadores. Cargador compatible con dispositivos equipados con tecnolog\u00eda Qi. Set cables de carga con capacidad de transferencia de datos y m\u00faltiples conexiones: Micro USB, Tipo C y Lightning. 5V DC 3A. Presentado en caja dise\u00f1o kraft.Materiales como el bamb\u00fa fomentan la utilizaci\u00f3n de materias primas naturales, reduciendo las emisiones contaminantes. Proviene de una planta de gran resistencia y versatilidad, con crecimiento y regeneraci\u00f3n r\u00e1pidos, siendo una excelente alternativa al uso de madera tradicional.Fabricado conforme a los est\u00e1ndares RoHS y en cumplimiento con los siguientes requisitos de seguridad:Sistema de protecci\u00f3n contra sobrecalentamiento.Sistema de protecci\u00f3n contra sobrecarga.Sistema de bloqueo para evitar cortocircuitos.<\/p>","protected":false},"excerpt":{"rendered":"<p>Inal\u00e1mbrico 15W. Set Cables Cargadores Incluido. Apto para transferir datos. Conexi\u00f3n Micro USB, Tipo C y Lightning 5V DC 3A<\/p>","protected":false},"featured_media":81332,"comment_status":"open","ping_status":"open","template":"","meta":{"inline_featured_image":false},"product_brand":[],"product_cat":[122,95],"product_tag":[],"class_list":{"0":"post-46928","1":"product","2":"type-product","3":"status-publish","4":"has-post-thumbnail","6":"product_cat-articulos-sostenibles","7":"product_cat-tecnologia-y-accesorios","9":"first","10":"outofstock","11":"taxable","12":"shipping-taxable","13":"purchasable","14":"product-type-variable","15":"has-default-attributes"},"aioseo_notices":[],"_links":{"self":[{"href":"https:\/\/imprimeideas.es\/en\/wp-json\/wp\/v2\/product\/46928","targetHints":{"allow":["GET"]}}],"collection":[{"href":"https:\/\/imprimeideas.es\/en\/wp-json\/wp\/v2\/product"}],"about":[{"href":"https:\/\/imprimeideas.es\/en\/wp-json\/wp\/v2\/types\/product"}],"replies":[{"embeddable":true,"href":"https:\/\/imprimeideas.es\/en\/wp-json\/wp\/v2\/comments?post=46928"}],"version-history":[{"count":1,"href":"https:\/\/imprimeideas.es\/en\/wp-json\/wp\/v2\/product\/46928\/revisions"}],"predecessor-version":[{"id":55935,"href":"https:\/\/imprimeideas.es\/en\/wp-json\/wp\/v2\/product\/46928\/revisions\/55935"}],"wp:featuredmedia":[{"embeddable":true,"href":"https:\/\/imprimeideas.es\/en\/wp-json\/wp\/v2\/media\/81332"}],"wp:attachment":[{"href":"https:\/\/imprimeideas.es\/en\/wp-json\/wp\/v2\/media?parent=46928"}],"wp:term":[{"taxonomy":"product_brand","embeddable":true,"href":"https:\/\/imprimeideas.es\/en\/wp-json\/wp\/v2\/product_brand?post=46928"},{"taxonomy":"product_cat","embeddable":true,"href":"https:\/\/imprimeideas.es\/en\/wp-json\/wp\/v2\/product_cat?post=46928"},{"taxonomy":"product_tag","embeddable":true,"href":"https:\/\/imprimeideas.es\/en\/wp-json\/wp\/v2\/product_tag?post=46928"}],"curies":[{"name":"wp","href":"https:\/\/api.w.org\/{rel}","templated":true}]}}