{"id":46914,"date":"2026-02-24T11:40:37","date_gmt":"2026-02-24T10:40:37","guid":{"rendered":"https:\/\/imprimeideas.es\/?post_type=product&p=46914"},"modified":"2026-02-26T18:42:33","modified_gmt":"2026-02-26T17:42:33","slug":"puerto-usb-nylox","status":"publish","type":"product","link":"https:\/\/imprimeideas.es\/en\/product\/puerto-usb-nylox\/","title":{"rendered":"Puerto USB Nylox"},"content":{"rendered":"<p>Puerto USB 2.0 fabricado en fibra de caf\u00e9. Con conexi\u00f3n dual USB\/Tipo C y 3 puertos: uno con conexi\u00f3n Tipo C y 2 puertos USB. Con logotipo fibra de caf\u00e9 y una amplia superficie de marcaje. Presentado en caja individual de dise\u00f1o kraft.La fibra de caf\u00e9 es una soluci\u00f3n circular que se obtiene de la utilizaci\u00f3n de los residuos producidos en la obtenci\u00f3n del caf\u00e9. Una alternativa sostenible que favorece la reducci\u00f3n del uso de pl\u00e1sticos, ahorrando energ\u00eda en su proceso de fabricaci\u00f3n y contribuyendo al cuidado del medio ambiente.<\/p>","protected":false},"excerpt":{"rendered":"<p>1 Puerto Tipo C. 2 Puertos USB 2.0<\/p>","protected":false},"featured_media":71015,"comment_status":"open","ping_status":"open","template":"","meta":{"inline_featured_image":false},"product_brand":[],"product_cat":[122,95],"product_tag":[],"class_list":{"0":"post-46914","1":"product","2":"type-product","3":"status-publish","4":"has-post-thumbnail","6":"product_cat-articulos-sostenibles","7":"product_cat-tecnologia-y-accesorios","9":"first","10":"instock","11":"taxable","12":"shipping-taxable","13":"purchasable","14":"product-type-variable","15":"has-default-attributes"},"aioseo_notices":[],"_links":{"self":[{"href":"https:\/\/imprimeideas.es\/en\/wp-json\/wp\/v2\/product\/46914","targetHints":{"allow":["GET"]}}],"collection":[{"href":"https:\/\/imprimeideas.es\/en\/wp-json\/wp\/v2\/product"}],"about":[{"href":"https:\/\/imprimeideas.es\/en\/wp-json\/wp\/v2\/types\/product"}],"replies":[{"embeddable":true,"href":"https:\/\/imprimeideas.es\/en\/wp-json\/wp\/v2\/comments?post=46914"}],"version-history":[{"count":1,"href":"https:\/\/imprimeideas.es\/en\/wp-json\/wp\/v2\/product\/46914\/revisions"}],"predecessor-version":[{"id":55929,"href":"https:\/\/imprimeideas.es\/en\/wp-json\/wp\/v2\/product\/46914\/revisions\/55929"}],"wp:featuredmedia":[{"embeddable":true,"href":"https:\/\/imprimeideas.es\/en\/wp-json\/wp\/v2\/media\/71015"}],"wp:attachment":[{"href":"https:\/\/imprimeideas.es\/en\/wp-json\/wp\/v2\/media?parent=46914"}],"wp:term":[{"taxonomy":"product_brand","embeddable":true,"href":"https:\/\/imprimeideas.es\/en\/wp-json\/wp\/v2\/product_brand?post=46914"},{"taxonomy":"product_cat","embeddable":true,"href":"https:\/\/imprimeideas.es\/en\/wp-json\/wp\/v2\/product_cat?post=46914"},{"taxonomy":"product_tag","embeddable":true,"href":"https:\/\/imprimeideas.es\/en\/wp-json\/wp\/v2\/product_tag?post=46914"}],"curies":[{"name":"wp","href":"https:\/\/api.w.org\/{rel}","templated":true}]}}