{"id":46910,"date":"2026-02-24T11:40:37","date_gmt":"2026-02-24T10:40:37","guid":{"rendered":"https:\/\/imprimeideas.es\/?post_type=product&p=46910"},"modified":"2026-02-26T18:08:19","modified_gmt":"2026-02-26T17:08:19","slug":"raton-mirabek","status":"publish","type":"product","link":"https:\/\/imprimeideas.es\/en\/product\/raton-mirabek\/","title":{"rendered":"Rat\u00f3n Mirabek"},"content":{"rendered":"<p>Rat\u00f3n \u00f3ptico inal\u00e1mbrico de original dise\u00f1o, con cuerpo transparente que permite ver los componentes internos del dispositivo. Con bater\u00eda integrada de 300 mAh y con puerto de carga Tipo C (cable incluido). Incluye bot\u00f3n DPI, con conexi\u00f3n ?plug and play? por USB y viene presentado en caja individual de dise\u00f1o kraft.<\/p>","protected":false},"excerpt":{"rendered":"<p>Inal\u00e1mbrico. \u00d3ptico. Bot\u00f3n DPI. Bater\u00eda 300 mAh<\/p>","protected":false},"featured_media":47713,"comment_status":"open","ping_status":"open","template":"","meta":{"inline_featured_image":false},"product_brand":[],"product_cat":[95],"product_tag":[],"class_list":{"0":"post-46910","1":"product","2":"type-product","3":"status-publish","4":"has-post-thumbnail","6":"product_cat-tecnologia-y-accesorios","8":"first","9":"instock","10":"taxable","11":"shipping-taxable","12":"purchasable","13":"product-type-variable","14":"has-default-attributes"},"aioseo_notices":[],"_links":{"self":[{"href":"https:\/\/imprimeideas.es\/en\/wp-json\/wp\/v2\/product\/46910","targetHints":{"allow":["GET"]}}],"collection":[{"href":"https:\/\/imprimeideas.es\/en\/wp-json\/wp\/v2\/product"}],"about":[{"href":"https:\/\/imprimeideas.es\/en\/wp-json\/wp\/v2\/types\/product"}],"replies":[{"embeddable":true,"href":"https:\/\/imprimeideas.es\/en\/wp-json\/wp\/v2\/comments?post=46910"}],"version-history":[{"count":1,"href":"https:\/\/imprimeideas.es\/en\/wp-json\/wp\/v2\/product\/46910\/revisions"}],"predecessor-version":[{"id":55927,"href":"https:\/\/imprimeideas.es\/en\/wp-json\/wp\/v2\/product\/46910\/revisions\/55927"}],"wp:featuredmedia":[{"embeddable":true,"href":"https:\/\/imprimeideas.es\/en\/wp-json\/wp\/v2\/media\/47713"}],"wp:attachment":[{"href":"https:\/\/imprimeideas.es\/en\/wp-json\/wp\/v2\/media?parent=46910"}],"wp:term":[{"taxonomy":"product_brand","embeddable":true,"href":"https:\/\/imprimeideas.es\/en\/wp-json\/wp\/v2\/product_brand?post=46910"},{"taxonomy":"product_cat","embeddable":true,"href":"https:\/\/imprimeideas.es\/en\/wp-json\/wp\/v2\/product_cat?post=46910"},{"taxonomy":"product_tag","embeddable":true,"href":"https:\/\/imprimeideas.es\/en\/wp-json\/wp\/v2\/product_tag?post=46910"}],"curies":[{"name":"wp","href":"https:\/\/api.w.org\/{rel}","templated":true}]}}