{"id":46908,"date":"2026-02-24T11:40:36","date_gmt":"2026-02-24T10:40:36","guid":{"rendered":"https:\/\/imprimeideas.es\/?post_type=product&p=46908"},"modified":"2026-02-26T18:28:09","modified_gmt":"2026-02-26T17:28:09","slug":"power-bank-haryin","status":"publish","type":"product","link":"https:\/\/imprimeideas.es\/en\/product\/power-bank-haryin\/","title":{"rendered":"Power Bank Haryin"},"content":{"rendered":"<p>Bater\u00eda auxiliar externa de recarga solar y de gran capacidad de carga -5.000 mAh-. Con cargador inal\u00e1mbrico integrado 5W y fijaci\u00f3n magn\u00e9tica Magsafe, permitiendo usar el dispositivo mientras se est\u00e1 cargando y compatible con dispositivos equipados con tecnolog\u00eda de carga inal\u00e1mbrica Qi. Adem\u00e1s, cuenta con una luz LED con dos posiciones de luz, fija e intermitente. Fabricada en resistente ABS de color negro, con conector de entrada\/salida Tipo C + 1 salida USB + 1 entrada Micro USB. Presentada en atractiva caja individual de dise\u00f1o.Las capacidades mostradas en todas nuestras bater\u00edas auxiliares externas son reales, incorporando todas ellas bater\u00edas de grado A y no recicladas, con una vida \u00fatil de al menos 500 ciclos de carga y seg\u00fan normativa CE. Adem\u00e1s, est\u00e1n fabricadas conforme a los est\u00e1ndares RoHS y en cumplimiento con los siguientes requisitos de seguridad:Sistema de protecci\u00f3n contra sobrecarga del power bank.Sistema de protecci\u00f3n contra descarga completa que proporciona una mayor durabilidad del power bank.Sistema de bloqueo para evitar cortocircuitos.Sistema de transferencia de carga constante, acorde con la capacidad del dispositivo de destino.<\/p>","protected":false},"excerpt":{"rendered":"<p>1 Led. 2 Posiciones de Luz, Fija e Intermitente. Inal\u00e1mbrico 5W. Magn\u00e9tico. 5000 mAh. Carga Solar. Salida USB y Tipo C. Entrada Micro USB y TIpo C<\/p>","protected":false},"featured_media":47933,"comment_status":"open","ping_status":"open","template":"","meta":{"inline_featured_image":false},"product_brand":[],"product_cat":[95],"product_tag":[],"class_list":{"0":"post-46908","1":"product","2":"type-product","3":"status-publish","4":"has-post-thumbnail","6":"product_cat-tecnologia-y-accesorios","8":"first","9":"instock","10":"taxable","11":"shipping-taxable","12":"purchasable","13":"product-type-variable","14":"has-default-attributes"},"aioseo_notices":[],"_links":{"self":[{"href":"https:\/\/imprimeideas.es\/en\/wp-json\/wp\/v2\/product\/46908","targetHints":{"allow":["GET"]}}],"collection":[{"href":"https:\/\/imprimeideas.es\/en\/wp-json\/wp\/v2\/product"}],"about":[{"href":"https:\/\/imprimeideas.es\/en\/wp-json\/wp\/v2\/types\/product"}],"replies":[{"embeddable":true,"href":"https:\/\/imprimeideas.es\/en\/wp-json\/wp\/v2\/comments?post=46908"}],"version-history":[{"count":1,"href":"https:\/\/imprimeideas.es\/en\/wp-json\/wp\/v2\/product\/46908\/revisions"}],"predecessor-version":[{"id":55926,"href":"https:\/\/imprimeideas.es\/en\/wp-json\/wp\/v2\/product\/46908\/revisions\/55926"}],"wp:featuredmedia":[{"embeddable":true,"href":"https:\/\/imprimeideas.es\/en\/wp-json\/wp\/v2\/media\/47933"}],"wp:attachment":[{"href":"https:\/\/imprimeideas.es\/en\/wp-json\/wp\/v2\/media?parent=46908"}],"wp:term":[{"taxonomy":"product_brand","embeddable":true,"href":"https:\/\/imprimeideas.es\/en\/wp-json\/wp\/v2\/product_brand?post=46908"},{"taxonomy":"product_cat","embeddable":true,"href":"https:\/\/imprimeideas.es\/en\/wp-json\/wp\/v2\/product_cat?post=46908"},{"taxonomy":"product_tag","embeddable":true,"href":"https:\/\/imprimeideas.es\/en\/wp-json\/wp\/v2\/product_tag?post=46908"}],"curies":[{"name":"wp","href":"https:\/\/api.w.org\/{rel}","templated":true}]}}