{"id":46901,"date":"2026-02-24T11:40:36","date_gmt":"2026-02-24T10:40:36","guid":{"rendered":"https:\/\/imprimeideas.es\/?post_type=product&p=46901"},"modified":"2026-02-26T18:23:14","modified_gmt":"2026-02-26T17:23:14","slug":"power-bank-dominik","status":"publish","type":"product","link":"https:\/\/imprimeideas.es\/en\/product\/power-bank-dominik\/","title":{"rendered":"Power Bank Dominik"},"content":{"rendered":"<p>Bater\u00eda auxiliar externa de original dise\u00f1o y superficie transparente que permite ver los componentes internos del dispositivo. 5.000 mAh de capacidad de carga, con base en bamb\u00fa y cargador inal\u00e1mbrico integrado 15W. Conexiones de entrada\/salida Tipo C + salida USB. Fijaci\u00f3n magn\u00e9tica Magsafe y compatible con dispositivos equipados con tecnolog\u00eda de carga inal\u00e1mbrica Qi. Cable de carga incluido, con manual de instrucciones en espa\u00f1ol e ingl\u00e9s. Presentada en caja individual de dise\u00f1o eco y en cart\u00f3n kraft.Entrada\/Salida Tipo C: 5-12V DC 3-1.67A, 20WSalida USB: 5-12V DC 3-1.5A, 18WLas capacidades mostradas en todas nuestras bater\u00edas auxiliares externas son reales, incorporando todas ellas bater\u00edas de grado A y no recicladas, con una vida \u00fatil de al menos 500 ciclos de carga y seg\u00fan normativa CE. Adem\u00e1s, est\u00e1n fabricadas conforme a los est\u00e1ndares RoHS y en cumplimiento con los siguientes requisitos de seguridad:Sistema de protecci\u00f3n contra sobrecarga del power bank.Sistema de protecci\u00f3n contra descarga completa que proporciona una mayor durabilidad del power bank.Sistema de bloqueo para evitar cortocircuitos.Sistema de transferencia de carga constante, acorde con la capacidad del dispositivo de destino.Materiales como el bamb\u00fa fomentan la utilizaci\u00f3n de materias primas naturales, reduciendo las emisiones contaminantes. Proviene de una planta de gran resistencia y versatilidad, con crecimiento y regeneraci\u00f3n r\u00e1pidos, siendo una excelente alternativa al uso de madera tradicional.<\/p>","protected":false},"excerpt":{"rendered":"<p>Inal\u00e1mbrico 15W. Magn\u00e9tico. 5000 mAh. Salida y Entrada Tipo C<\/p>","protected":false},"featured_media":84490,"comment_status":"open","ping_status":"open","template":"","meta":{"inline_featured_image":false},"product_brand":[],"product_cat":[122,95],"product_tag":[],"class_list":{"0":"post-46901","1":"product","2":"type-product","3":"status-publish","4":"has-post-thumbnail","6":"product_cat-articulos-sostenibles","7":"product_cat-tecnologia-y-accesorios","9":"first","10":"instock","11":"taxable","12":"shipping-taxable","13":"purchasable","14":"product-type-variable","15":"has-default-attributes"},"aioseo_notices":[],"_links":{"self":[{"href":"https:\/\/imprimeideas.es\/en\/wp-json\/wp\/v2\/product\/46901","targetHints":{"allow":["GET"]}}],"collection":[{"href":"https:\/\/imprimeideas.es\/en\/wp-json\/wp\/v2\/product"}],"about":[{"href":"https:\/\/imprimeideas.es\/en\/wp-json\/wp\/v2\/types\/product"}],"replies":[{"embeddable":true,"href":"https:\/\/imprimeideas.es\/en\/wp-json\/wp\/v2\/comments?post=46901"}],"version-history":[{"count":1,"href":"https:\/\/imprimeideas.es\/en\/wp-json\/wp\/v2\/product\/46901\/revisions"}],"predecessor-version":[{"id":55923,"href":"https:\/\/imprimeideas.es\/en\/wp-json\/wp\/v2\/product\/46901\/revisions\/55923"}],"wp:featuredmedia":[{"embeddable":true,"href":"https:\/\/imprimeideas.es\/en\/wp-json\/wp\/v2\/media\/84490"}],"wp:attachment":[{"href":"https:\/\/imprimeideas.es\/en\/wp-json\/wp\/v2\/media?parent=46901"}],"wp:term":[{"taxonomy":"product_brand","embeddable":true,"href":"https:\/\/imprimeideas.es\/en\/wp-json\/wp\/v2\/product_brand?post=46901"},{"taxonomy":"product_cat","embeddable":true,"href":"https:\/\/imprimeideas.es\/en\/wp-json\/wp\/v2\/product_cat?post=46901"},{"taxonomy":"product_tag","embeddable":true,"href":"https:\/\/imprimeideas.es\/en\/wp-json\/wp\/v2\/product_tag?post=46901"}],"curies":[{"name":"wp","href":"https:\/\/api.w.org\/{rel}","templated":true}]}}