{"id":46891,"date":"2026-02-24T11:40:34","date_gmt":"2026-02-24T10:40:34","guid":{"rendered":"https:\/\/imprimeideas.es\/?post_type=product&p=46891"},"modified":"2026-02-26T18:13:45","modified_gmt":"2026-02-26T17:13:45","slug":"microfono-spart","status":"publish","type":"product","link":"https:\/\/imprimeideas.es\/en\/product\/microfono-spart\/","title":{"rendered":"Micr\u00f3fono Spart"},"content":{"rendered":"<p>Micr\u00f3fono inal\u00e1mbrico de solapa para emisiones en directo, videollamadas o grabaci\u00f3n de podcasts entre otros muchos usos. Incluye una pr\u00e1ctica pinza de f\u00e1cil ajuste y se conecta al dispositivo (smartphone, tablet, ordenador?) mediante un receptor OTG, con conexi\u00f3n Tipo C, que ofrece una transmisi\u00f3n de audio de calidad, estable y fluida. Con receptores de audio de alta sensibilidad y espuma protectora, capturando el sonido con claridad y nitidez. Recargable mediante cable Tipo C -incluido- y presentado individualmente en caja de dise\u00f1o kraft. Con manual de instrucciones en espa\u00f1ol e ingl\u00e9s.<\/p>","protected":false},"excerpt":{"rendered":"<p>Conexi\u00f3n Tipo C. Bater\u00eda 45 mAh<\/p>","protected":false},"featured_media":65651,"comment_status":"open","ping_status":"open","template":"","meta":{"inline_featured_image":false},"product_brand":[],"product_cat":[95],"product_tag":[],"class_list":{"0":"post-46891","1":"product","2":"type-product","3":"status-publish","4":"has-post-thumbnail","6":"product_cat-tecnologia-y-accesorios","8":"first","9":"outofstock","10":"taxable","11":"shipping-taxable","12":"purchasable","13":"product-type-variable","14":"has-default-attributes"},"aioseo_notices":[],"_links":{"self":[{"href":"https:\/\/imprimeideas.es\/en\/wp-json\/wp\/v2\/product\/46891","targetHints":{"allow":["GET"]}}],"collection":[{"href":"https:\/\/imprimeideas.es\/en\/wp-json\/wp\/v2\/product"}],"about":[{"href":"https:\/\/imprimeideas.es\/en\/wp-json\/wp\/v2\/types\/product"}],"replies":[{"embeddable":true,"href":"https:\/\/imprimeideas.es\/en\/wp-json\/wp\/v2\/comments?post=46891"}],"version-history":[{"count":1,"href":"https:\/\/imprimeideas.es\/en\/wp-json\/wp\/v2\/product\/46891\/revisions"}],"predecessor-version":[{"id":55920,"href":"https:\/\/imprimeideas.es\/en\/wp-json\/wp\/v2\/product\/46891\/revisions\/55920"}],"wp:featuredmedia":[{"embeddable":true,"href":"https:\/\/imprimeideas.es\/en\/wp-json\/wp\/v2\/media\/65651"}],"wp:attachment":[{"href":"https:\/\/imprimeideas.es\/en\/wp-json\/wp\/v2\/media?parent=46891"}],"wp:term":[{"taxonomy":"product_brand","embeddable":true,"href":"https:\/\/imprimeideas.es\/en\/wp-json\/wp\/v2\/product_brand?post=46891"},{"taxonomy":"product_cat","embeddable":true,"href":"https:\/\/imprimeideas.es\/en\/wp-json\/wp\/v2\/product_cat?post=46891"},{"taxonomy":"product_tag","embeddable":true,"href":"https:\/\/imprimeideas.es\/en\/wp-json\/wp\/v2\/product_tag?post=46891"}],"curies":[{"name":"wp","href":"https:\/\/api.w.org\/{rel}","templated":true}]}}