{"id":46886,"date":"2026-02-24T11:40:34","date_gmt":"2026-02-24T10:40:34","guid":{"rendered":"https:\/\/imprimeideas.es\/?post_type=product&p=46886"},"modified":"2026-02-26T18:42:26","modified_gmt":"2026-02-26T17:42:26","slug":"cargador-hamsy","status":"publish","type":"product","link":"https:\/\/imprimeideas.es\/en\/product\/cargador-hamsy\/","title":{"rendered":"Cargador Hamsy"},"content":{"rendered":"<p>Completo multicargador inal\u00e1mbrico 15W con soporte para gadgets, fabricado en bamb\u00fa. Dise\u00f1ado para la carga simult\u00e1nea del smartphone, auriculares y smartwatch: una estaci\u00f3n de carga todo en uno, vers\u00e1til y con diferentes soportes. Presentado en caja de dise\u00f1o kraft. Disponible manual de instrucciones en espa\u00f1ol e ingl\u00e9s.Materiales como el bamb\u00fa fomentan la utilizaci\u00f3n de materias primas naturales, reduciendo las emisiones contaminantes. Proviene de una planta de gran resistencia y versatilidad, con crecimiento y regeneraci\u00f3n r\u00e1pidos, siendo una excelente alternativa al uso de madera tradicional.Fabricado conforme a los est\u00e1ndares RoHS y en cumplimiento con los siguientes requisitos de seguridad:Sistema de protecci\u00f3n contra sobrecalentamiento.Sistema de protecci\u00f3n contra sobrecarga.Sistema de bloqueo para evitar cortocircuitos.<\/p>","protected":false},"excerpt":{"rendered":"<p>Inal\u00e1mbrico 15W<\/p>","protected":false},"featured_media":75288,"comment_status":"open","ping_status":"open","template":"","meta":{"inline_featured_image":false},"product_brand":[],"product_cat":[122,95],"product_tag":[],"class_list":{"0":"post-46886","1":"product","2":"type-product","3":"status-publish","4":"has-post-thumbnail","6":"product_cat-articulos-sostenibles","7":"product_cat-tecnologia-y-accesorios","9":"first","10":"instock","11":"taxable","12":"shipping-taxable","13":"purchasable","14":"product-type-variable","15":"has-default-attributes"},"aioseo_notices":[],"_links":{"self":[{"href":"https:\/\/imprimeideas.es\/en\/wp-json\/wp\/v2\/product\/46886","targetHints":{"allow":["GET"]}}],"collection":[{"href":"https:\/\/imprimeideas.es\/en\/wp-json\/wp\/v2\/product"}],"about":[{"href":"https:\/\/imprimeideas.es\/en\/wp-json\/wp\/v2\/types\/product"}],"replies":[{"embeddable":true,"href":"https:\/\/imprimeideas.es\/en\/wp-json\/wp\/v2\/comments?post=46886"}],"version-history":[{"count":1,"href":"https:\/\/imprimeideas.es\/en\/wp-json\/wp\/v2\/product\/46886\/revisions"}],"predecessor-version":[{"id":55918,"href":"https:\/\/imprimeideas.es\/en\/wp-json\/wp\/v2\/product\/46886\/revisions\/55918"}],"wp:featuredmedia":[{"embeddable":true,"href":"https:\/\/imprimeideas.es\/en\/wp-json\/wp\/v2\/media\/75288"}],"wp:attachment":[{"href":"https:\/\/imprimeideas.es\/en\/wp-json\/wp\/v2\/media?parent=46886"}],"wp:term":[{"taxonomy":"product_brand","embeddable":true,"href":"https:\/\/imprimeideas.es\/en\/wp-json\/wp\/v2\/product_brand?post=46886"},{"taxonomy":"product_cat","embeddable":true,"href":"https:\/\/imprimeideas.es\/en\/wp-json\/wp\/v2\/product_cat?post=46886"},{"taxonomy":"product_tag","embeddable":true,"href":"https:\/\/imprimeideas.es\/en\/wp-json\/wp\/v2\/product_tag?post=46886"}],"curies":[{"name":"wp","href":"https:\/\/api.w.org\/{rel}","templated":true}]}}