{"id":46882,"date":"2026-02-24T11:40:33","date_gmt":"2026-02-24T10:40:33","guid":{"rendered":"https:\/\/imprimeideas.es\/?post_type=product&p=46882"},"modified":"2026-02-26T18:13:54","modified_gmt":"2026-02-26T17:13:54","slug":"pulsera-soporte-harlux","status":"publish","type":"product","link":"https:\/\/imprimeideas.es\/en\/product\/pulsera-soporte-harlux\/","title":{"rendered":"Pulsera Soporte Harlux"},"content":{"rendered":"<p>Original pulsera portam\u00f3vil en suave algod\u00f3n, adaptable a todo tipo de mu\u00f1ecas. Con accesorio de transporte para situar entre la funda y el smartphone. Pieza central de bamb\u00fa para personalizaci\u00f3n, especial para grabado en l\u00e1ser. Presentado individualmente en bolsa de papel reciclado.Materiales como el bamb\u00fa fomentan la utilizaci\u00f3n de materias primas naturales, reduciendo las emisiones contaminantes. Proviene de una planta de gran resistencia y versatilidad, con crecimiento y regeneraci\u00f3n r\u00e1pidos, siendo una excelente alternativa al uso de madera tradicional.<\/p>","protected":false},"excerpt":{"rendered":"<p>Original pulsera portam\u00f3vil en suave algod\u00f3n, adaptable a todo tipo de mu\u00f1ecas. Con accesorio de transporte para situar entre la<\/p>","protected":false},"featured_media":48184,"comment_status":"open","ping_status":"open","template":"","meta":{"inline_featured_image":false},"product_brand":[],"product_cat":[122,95],"product_tag":[],"class_list":{"0":"post-46882","1":"product","2":"type-product","3":"status-publish","4":"has-post-thumbnail","6":"product_cat-articulos-sostenibles","7":"product_cat-tecnologia-y-accesorios","9":"first","10":"instock","11":"taxable","12":"shipping-taxable","13":"purchasable","14":"product-type-variable","15":"has-default-attributes"},"aioseo_notices":[],"_links":{"self":[{"href":"https:\/\/imprimeideas.es\/en\/wp-json\/wp\/v2\/product\/46882","targetHints":{"allow":["GET"]}}],"collection":[{"href":"https:\/\/imprimeideas.es\/en\/wp-json\/wp\/v2\/product"}],"about":[{"href":"https:\/\/imprimeideas.es\/en\/wp-json\/wp\/v2\/types\/product"}],"replies":[{"embeddable":true,"href":"https:\/\/imprimeideas.es\/en\/wp-json\/wp\/v2\/comments?post=46882"}],"version-history":[{"count":1,"href":"https:\/\/imprimeideas.es\/en\/wp-json\/wp\/v2\/product\/46882\/revisions"}],"predecessor-version":[{"id":55916,"href":"https:\/\/imprimeideas.es\/en\/wp-json\/wp\/v2\/product\/46882\/revisions\/55916"}],"wp:featuredmedia":[{"embeddable":true,"href":"https:\/\/imprimeideas.es\/en\/wp-json\/wp\/v2\/media\/48184"}],"wp:attachment":[{"href":"https:\/\/imprimeideas.es\/en\/wp-json\/wp\/v2\/media?parent=46882"}],"wp:term":[{"taxonomy":"product_brand","embeddable":true,"href":"https:\/\/imprimeideas.es\/en\/wp-json\/wp\/v2\/product_brand?post=46882"},{"taxonomy":"product_cat","embeddable":true,"href":"https:\/\/imprimeideas.es\/en\/wp-json\/wp\/v2\/product_cat?post=46882"},{"taxonomy":"product_tag","embeddable":true,"href":"https:\/\/imprimeideas.es\/en\/wp-json\/wp\/v2\/product_tag?post=46882"}],"curies":[{"name":"wp","href":"https:\/\/api.w.org\/{rel}","templated":true}]}}