{"id":46826,"date":"2026-02-24T11:40:27","date_gmt":"2026-02-24T10:40:27","guid":{"rendered":"https:\/\/imprimeideas.es\/?post_type=product&p=46826"},"modified":"2026-02-26T18:19:36","modified_gmt":"2026-02-26T17:19:36","slug":"ventilador-manhattan","status":"publish","type":"product","link":"https:\/\/imprimeideas.es\/en\/product\/ventilador-manhattan\/","title":{"rendered":"Ventilador Manhattan"},"content":{"rendered":"<p>Ventilador en divertidas formas de fruta, fabricado en resistente ABS. Funcionamiento manual, apretando apretando continuamente en la palanca integrada en el mango para poder mover las aspas. Disponible en dise\u00f1os fresa, pi\u00f1a, uva, sand\u00eda o naranja. Presentado individualmente en bolsa reciclada.<\/p>","protected":false},"excerpt":{"rendered":"<p>Manual<\/p>","protected":false},"featured_media":81054,"comment_status":"open","ping_status":"open","template":"","meta":{"inline_featured_image":false},"product_brand":[],"product_cat":[114],"product_tag":[],"class_list":{"0":"post-46826","1":"product","2":"type-product","3":"status-publish","4":"has-post-thumbnail","6":"product_cat-verano-y-playa","8":"first","9":"instock","10":"taxable","11":"shipping-taxable","12":"purchasable","13":"product-type-variable","14":"has-default-attributes"},"aioseo_notices":[],"_links":{"self":[{"href":"https:\/\/imprimeideas.es\/en\/wp-json\/wp\/v2\/product\/46826","targetHints":{"allow":["GET"]}}],"collection":[{"href":"https:\/\/imprimeideas.es\/en\/wp-json\/wp\/v2\/product"}],"about":[{"href":"https:\/\/imprimeideas.es\/en\/wp-json\/wp\/v2\/types\/product"}],"replies":[{"embeddable":true,"href":"https:\/\/imprimeideas.es\/en\/wp-json\/wp\/v2\/comments?post=46826"}],"version-history":[{"count":1,"href":"https:\/\/imprimeideas.es\/en\/wp-json\/wp\/v2\/product\/46826\/revisions"}],"predecessor-version":[{"id":55906,"href":"https:\/\/imprimeideas.es\/en\/wp-json\/wp\/v2\/product\/46826\/revisions\/55906"}],"wp:featuredmedia":[{"embeddable":true,"href":"https:\/\/imprimeideas.es\/en\/wp-json\/wp\/v2\/media\/81054"}],"wp:attachment":[{"href":"https:\/\/imprimeideas.es\/en\/wp-json\/wp\/v2\/media?parent=46826"}],"wp:term":[{"taxonomy":"product_brand","embeddable":true,"href":"https:\/\/imprimeideas.es\/en\/wp-json\/wp\/v2\/product_brand?post=46826"},{"taxonomy":"product_cat","embeddable":true,"href":"https:\/\/imprimeideas.es\/en\/wp-json\/wp\/v2\/product_cat?post=46826"},{"taxonomy":"product_tag","embeddable":true,"href":"https:\/\/imprimeideas.es\/en\/wp-json\/wp\/v2\/product_tag?post=46826"}],"curies":[{"name":"wp","href":"https:\/\/api.w.org\/{rel}","templated":true}]}}