{"id":46824,"date":"2026-02-24T11:40:27","date_gmt":"2026-02-24T10:40:27","guid":{"rendered":"https:\/\/imprimeideas.es\/?post_type=product&p=46824"},"modified":"2026-02-26T18:33:03","modified_gmt":"2026-02-26T17:33:03","slug":"bandolera-fadaok","status":"publish","type":"product","link":"https:\/\/imprimeideas.es\/en\/product\/bandolera-fadaok\/","title":{"rendered":"Bandolera Fadaok"},"content":{"rendered":"<p>Bandolera confeccionada en poli\u00e9ster 300D, ofrece m\u00faltiples bolsillos para una organizaci\u00f3n efectiva. Dos bolsillos principales se encuentran en la zona frontal y lateral, junto con dos bolsillos adicionales en la parte frontal y trasera. Destaca por una banda reflectante en el bolsillo central para mejorar la visibilidad. Se presenta de manera individual en una bolsa reciclada.<\/p>","protected":false},"excerpt":{"rendered":"<p>Acolchada. Reflectante<\/p>","protected":false},"featured_media":47820,"comment_status":"open","ping_status":"open","template":"","meta":{"inline_featured_image":false},"product_brand":[],"product_cat":[94],"product_tag":[],"class_list":{"0":"post-46824","1":"product","2":"type-product","3":"status-publish","4":"has-post-thumbnail","6":"product_cat-mochilas","8":"first","9":"instock","10":"taxable","11":"shipping-taxable","12":"purchasable","13":"product-type-variable","14":"has-default-attributes"},"aioseo_notices":[],"_links":{"self":[{"href":"https:\/\/imprimeideas.es\/en\/wp-json\/wp\/v2\/product\/46824","targetHints":{"allow":["GET"]}}],"collection":[{"href":"https:\/\/imprimeideas.es\/en\/wp-json\/wp\/v2\/product"}],"about":[{"href":"https:\/\/imprimeideas.es\/en\/wp-json\/wp\/v2\/types\/product"}],"replies":[{"embeddable":true,"href":"https:\/\/imprimeideas.es\/en\/wp-json\/wp\/v2\/comments?post=46824"}],"version-history":[{"count":1,"href":"https:\/\/imprimeideas.es\/en\/wp-json\/wp\/v2\/product\/46824\/revisions"}],"predecessor-version":[{"id":55905,"href":"https:\/\/imprimeideas.es\/en\/wp-json\/wp\/v2\/product\/46824\/revisions\/55905"}],"wp:featuredmedia":[{"embeddable":true,"href":"https:\/\/imprimeideas.es\/en\/wp-json\/wp\/v2\/media\/47820"}],"wp:attachment":[{"href":"https:\/\/imprimeideas.es\/en\/wp-json\/wp\/v2\/media?parent=46824"}],"wp:term":[{"taxonomy":"product_brand","embeddable":true,"href":"https:\/\/imprimeideas.es\/en\/wp-json\/wp\/v2\/product_brand?post=46824"},{"taxonomy":"product_cat","embeddable":true,"href":"https:\/\/imprimeideas.es\/en\/wp-json\/wp\/v2\/product_cat?post=46824"},{"taxonomy":"product_tag","embeddable":true,"href":"https:\/\/imprimeideas.es\/en\/wp-json\/wp\/v2\/product_tag?post=46824"}],"curies":[{"name":"wp","href":"https:\/\/api.w.org\/{rel}","templated":true}]}}