{"id":46818,"date":"2026-02-24T11:40:26","date_gmt":"2026-02-24T10:40:26","guid":{"rendered":"https:\/\/imprimeideas.es\/?post_type=product&p=46818"},"modified":"2026-02-26T18:42:32","modified_gmt":"2026-02-26T17:42:32","slug":"vaso-termico-jorlens","status":"publish","type":"product","link":"https:\/\/imprimeideas.es\/en\/product\/vaso-termico-jorlens\/","title":{"rendered":"Vaso T\u00e9rmico Jorlens"},"content":{"rendered":"<p>Vaso t\u00e9rmico de acero inox, con doble pared y 380 ml de capacidad. Incluye tapa con cierre a rosca para un \u00f3ptimo sellado y dosificador. Disponible en variada gama de colores y presentado en atractiva caja de dise\u00f1o kraft.<\/p>","protected":false},"excerpt":{"rendered":"<p>380 ml<\/p>","protected":false},"featured_media":47692,"comment_status":"open","ping_status":"open","template":"","meta":{"inline_featured_image":false},"product_brand":[],"product_cat":[97],"product_tag":[],"class_list":{"0":"post-46818","1":"product","2":"type-product","3":"status-publish","4":"has-post-thumbnail","6":"product_cat-tazas-jarras-y-termos","8":"first","9":"instock","10":"taxable","11":"shipping-taxable","12":"purchasable","13":"product-type-variable","14":"has-default-attributes"},"aioseo_notices":[],"_links":{"self":[{"href":"https:\/\/imprimeideas.es\/en\/wp-json\/wp\/v2\/product\/46818","targetHints":{"allow":["GET"]}}],"collection":[{"href":"https:\/\/imprimeideas.es\/en\/wp-json\/wp\/v2\/product"}],"about":[{"href":"https:\/\/imprimeideas.es\/en\/wp-json\/wp\/v2\/types\/product"}],"replies":[{"embeddable":true,"href":"https:\/\/imprimeideas.es\/en\/wp-json\/wp\/v2\/comments?post=46818"}],"version-history":[{"count":1,"href":"https:\/\/imprimeideas.es\/en\/wp-json\/wp\/v2\/product\/46818\/revisions"}],"predecessor-version":[{"id":55904,"href":"https:\/\/imprimeideas.es\/en\/wp-json\/wp\/v2\/product\/46818\/revisions\/55904"}],"wp:featuredmedia":[{"embeddable":true,"href":"https:\/\/imprimeideas.es\/en\/wp-json\/wp\/v2\/media\/47692"}],"wp:attachment":[{"href":"https:\/\/imprimeideas.es\/en\/wp-json\/wp\/v2\/media?parent=46818"}],"wp:term":[{"taxonomy":"product_brand","embeddable":true,"href":"https:\/\/imprimeideas.es\/en\/wp-json\/wp\/v2\/product_brand?post=46818"},{"taxonomy":"product_cat","embeddable":true,"href":"https:\/\/imprimeideas.es\/en\/wp-json\/wp\/v2\/product_cat?post=46818"},{"taxonomy":"product_tag","embeddable":true,"href":"https:\/\/imprimeideas.es\/en\/wp-json\/wp\/v2\/product_tag?post=46818"}],"curies":[{"name":"wp","href":"https:\/\/api.w.org\/{rel}","templated":true}]}}