{"id":46812,"date":"2026-02-24T11:40:26","date_gmt":"2026-02-24T10:40:26","guid":{"rendered":"https:\/\/imprimeideas.es\/?post_type=product&p=46812"},"modified":"2026-02-26T18:33:06","modified_gmt":"2026-02-26T17:33:06","slug":"pendientes-kely","status":"publish","type":"product","link":"https:\/\/imprimeideas.es\/en\/product\/pendientes-kely\/","title":{"rendered":"Pendientes Kely"},"content":{"rendered":"<p>Fresca y original colecci\u00f3n de pendientes frutales. Cautivadores y llenos de color, tienen forma de fresa, pitaya, manzana, sand\u00eda o lim\u00f3n, siendo una declaraci\u00f3n de estilo. Fabricados con atenci\u00f3n a los detalles y con cierre de clip. Presentados individualmente en cart\u00f3n blanco y embolsados.<\/p>","protected":false},"excerpt":{"rendered":"<p>Fresca y original colecci\u00f3n de pendientes frutales. Cautivadores y llenos de color, tienen forma de fresa, pitaya, manzana, sand\u00eda o<\/p>","protected":false},"featured_media":80061,"comment_status":"open","ping_status":"open","template":"","meta":{"inline_featured_image":false},"product_brand":[],"product_cat":[119,106],"product_tag":[],"class_list":{"0":"post-46812","1":"product","2":"type-product","3":"status-publish","4":"has-post-thumbnail","6":"product_cat-mujer","7":"product_cat-regalos-y-premiums","9":"first","10":"instock","11":"taxable","12":"shipping-taxable","13":"purchasable","14":"product-type-variable","15":"has-default-attributes"},"aioseo_notices":[],"_links":{"self":[{"href":"https:\/\/imprimeideas.es\/en\/wp-json\/wp\/v2\/product\/46812","targetHints":{"allow":["GET"]}}],"collection":[{"href":"https:\/\/imprimeideas.es\/en\/wp-json\/wp\/v2\/product"}],"about":[{"href":"https:\/\/imprimeideas.es\/en\/wp-json\/wp\/v2\/types\/product"}],"replies":[{"embeddable":true,"href":"https:\/\/imprimeideas.es\/en\/wp-json\/wp\/v2\/comments?post=46812"}],"version-history":[{"count":1,"href":"https:\/\/imprimeideas.es\/en\/wp-json\/wp\/v2\/product\/46812\/revisions"}],"predecessor-version":[{"id":55903,"href":"https:\/\/imprimeideas.es\/en\/wp-json\/wp\/v2\/product\/46812\/revisions\/55903"}],"wp:featuredmedia":[{"embeddable":true,"href":"https:\/\/imprimeideas.es\/en\/wp-json\/wp\/v2\/media\/80061"}],"wp:attachment":[{"href":"https:\/\/imprimeideas.es\/en\/wp-json\/wp\/v2\/media?parent=46812"}],"wp:term":[{"taxonomy":"product_brand","embeddable":true,"href":"https:\/\/imprimeideas.es\/en\/wp-json\/wp\/v2\/product_brand?post=46812"},{"taxonomy":"product_cat","embeddable":true,"href":"https:\/\/imprimeideas.es\/en\/wp-json\/wp\/v2\/product_cat?post=46812"},{"taxonomy":"product_tag","embeddable":true,"href":"https:\/\/imprimeideas.es\/en\/wp-json\/wp\/v2\/product_tag?post=46812"}],"curies":[{"name":"wp","href":"https:\/\/api.w.org\/{rel}","templated":true}]}}