{"id":46810,"date":"2026-02-24T11:40:25","date_gmt":"2026-02-24T10:40:25","guid":{"rendered":"https:\/\/imprimeideas.es\/?post_type=product&p=46810"},"modified":"2026-02-26T18:03:09","modified_gmt":"2026-02-26T17:03:09","slug":"colchoneta-binsky","status":"publish","type":"product","link":"https:\/\/imprimeideas.es\/en\/product\/colchoneta-binsky\/","title":{"rendered":"Colchoneta Binsky"},"content":{"rendered":"<p>Original colchoneta en resistente PVC. Incluye una c\u00f3moda almohada para la cabeza, con dise\u00f1o bitono, en colores transparente y blanco. Incluye una resistente redecilla central en poli\u00e9ster de color blanco. Con plegado especial para f\u00e1cil impresi\u00f3n. Se sirve desinflada y en una pr\u00e1ctica bolsa individual reciclada.<\/p>","protected":false},"excerpt":{"rendered":"<p>Plegado Especial para Impresi\u00f3n<\/p>","protected":false},"featured_media":77095,"comment_status":"open","ping_status":"open","template":"","meta":{"inline_featured_image":false},"product_brand":[],"product_cat":[114],"product_tag":[],"class_list":{"0":"post-46810","1":"product","2":"type-product","3":"status-publish","4":"has-post-thumbnail","6":"product_cat-verano-y-playa","8":"first","9":"instock","10":"taxable","11":"shipping-taxable","12":"purchasable","13":"product-type-variable","14":"has-default-attributes"},"aioseo_notices":[],"_links":{"self":[{"href":"https:\/\/imprimeideas.es\/en\/wp-json\/wp\/v2\/product\/46810","targetHints":{"allow":["GET"]}}],"collection":[{"href":"https:\/\/imprimeideas.es\/en\/wp-json\/wp\/v2\/product"}],"about":[{"href":"https:\/\/imprimeideas.es\/en\/wp-json\/wp\/v2\/types\/product"}],"replies":[{"embeddable":true,"href":"https:\/\/imprimeideas.es\/en\/wp-json\/wp\/v2\/comments?post=46810"}],"version-history":[{"count":1,"href":"https:\/\/imprimeideas.es\/en\/wp-json\/wp\/v2\/product\/46810\/revisions"}],"predecessor-version":[{"id":55902,"href":"https:\/\/imprimeideas.es\/en\/wp-json\/wp\/v2\/product\/46810\/revisions\/55902"}],"wp:featuredmedia":[{"embeddable":true,"href":"https:\/\/imprimeideas.es\/en\/wp-json\/wp\/v2\/media\/77095"}],"wp:attachment":[{"href":"https:\/\/imprimeideas.es\/en\/wp-json\/wp\/v2\/media?parent=46810"}],"wp:term":[{"taxonomy":"product_brand","embeddable":true,"href":"https:\/\/imprimeideas.es\/en\/wp-json\/wp\/v2\/product_brand?post=46810"},{"taxonomy":"product_cat","embeddable":true,"href":"https:\/\/imprimeideas.es\/en\/wp-json\/wp\/v2\/product_cat?post=46810"},{"taxonomy":"product_tag","embeddable":true,"href":"https:\/\/imprimeideas.es\/en\/wp-json\/wp\/v2\/product_tag?post=46810"}],"curies":[{"name":"wp","href":"https:\/\/api.w.org\/{rel}","templated":true}]}}